{"id":9225,"date":"2020-01-09T16:10:33","date_gmt":"2020-01-09T15:10:33","guid":{"rendered":"https:\/\/compolatky.cz\/product\/meditap\/"},"modified":"2023-02-10T13:45:20","modified_gmt":"2023-02-10T12:45:20","slug":"meditap","status":"publish","type":"product","link":"https:\/\/compolatky.cz\/sk\/produkt\/meditap\/","title":{"rendered":"Meditap"},"content":{"rendered":"<p><strong>Ko\u017eenka<\/strong><\/p>\n<div>\n<p><strong>Zlo\u017eenie: <\/strong>100% polyvinylchlorid<br \/>\n<strong>Zlo\u017eenie podklad: <\/strong>100% polyester<br \/>\n<b><\/b><b>Gram\u00e1\u017e:<\/b> 652 g\/bm<br \/>\n<b>\u0160\u00edrka kot\u00fa\u010da:<\/b> 145 cm<br \/>\n<b>Test oderu Martindale:<\/b> &gt; 200.000 ot\u00e1\u010dok<\/p>\n<p><strong>Zdravotn\u00edcke atesty a&nbsp;normy:<\/strong><\/p>\n<p>\u00b7 Hygienick\u00fd atest pre pou\u017eitie v&nbsp;zdravotn\u00edctve<br \/>\n\u00b7 Test odolnosti na dezinfekciu a&nbsp;steriliz\u00e1ciu<br \/>\n\u00b7 \u00d6ko-Tex Standard 100<br \/>\n\u00b7 ISO 10993-5 \u2013 Sk\u00fa\u0161ky na cytotoxicitu<br \/>\n\u00b7 ISO 10993-10 \u2013 Sk\u00fa\u0161ka dr\u00e1\u017edivosti a&nbsp;senzibiliz\u00e1cie ko\u017ee<br \/>\n\u00b7 EN 71-3 \u2013 Migr\u00e1cia ur\u010dit\u00fdch prvkov<\/p>\n<\/div>\n<h2><\/h2>\n<div><\/div>\n","protected":false},"excerpt":{"rendered":"<p>Ko\u017eenka Zlo\u017eenie: 100% polyvinylchlorid Zlo\u017eenie podklad: 100% polyester Gram\u00e1\u017e: 652 [&hellip;]<\/p>\n","protected":false},"featured_media":7181,"template":"","meta":{"_acf_changed":false},"product_cat":[67],"product_tag":[],"class_list":{"0":"post-9225","1":"product","2":"type-product","3":"status-publish","4":"has-post-thumbnail","6":"product_cat-kozenka-sk","8":"first","9":"instock","10":"shipping-taxable","11":"purchasable","12":"product-type-variable","13":"wvs-pro-product","14":"wvs-pro-after-cart-button"},"acf":[],"yoast_head":"<!-- This site is optimized with the Yoast SEO plugin v23.4 - https:\/\/yoast.com\/wordpress\/plugins\/seo\/ -->\n<title>Meditap - Compo L\u00e1tky<\/title>\n<meta name=\"robots\" content=\"index, follow, max-snippet:-1, max-image-preview:large, max-video-preview:-1\" \/>\n<link rel=\"canonical\" href=\"https:\/\/compolatky.cz\/sk\/produkt\/meditap\/\" \/>\n<meta property=\"og:locale\" content=\"sk_SK\" \/>\n<meta property=\"og:type\" content=\"article\" \/>\n<meta property=\"og:title\" content=\"Meditap - Compo L\u00e1tky\" \/>\n<meta property=\"og:description\" content=\"Ko\u017eenka Zlo\u017eenie: 100% polyvinylchlorid Zlo\u017eenie podklad: 100% polyester Gram\u00e1\u017e: 652 [&hellip;]\" \/>\n<meta property=\"og:url\" content=\"https:\/\/compolatky.cz\/sk\/produkt\/meditap\/\" \/>\n<meta property=\"og:site_name\" content=\"Compo L\u00e1tky\" \/>\n<meta property=\"article:modified_time\" content=\"2023-02-10T12:45:20+00:00\" \/>\n<meta property=\"og:image\" content=\"https:\/\/compolatky.cz\/wp-content\/uploads\/2020\/01\/Meditap-1017.jpg\" \/>\n\t<meta property=\"og:image:width\" content=\"800\" \/>\n\t<meta property=\"og:image:height\" content=\"600\" \/>\n\t<meta property=\"og:image:type\" content=\"image\/jpeg\" \/>\n<meta name=\"twitter:card\" content=\"summary_large_image\" \/>\n<script type=\"application\/ld+json\" class=\"yoast-schema-graph\">{\"@context\":\"https:\/\/schema.org\",\"@graph\":[{\"@type\":\"WebPage\",\"@id\":\"https:\/\/compolatky.cz\/sk\/produkt\/meditap\/\",\"url\":\"https:\/\/compolatky.cz\/sk\/produkt\/meditap\/\",\"name\":\"Meditap - Compo L\u00e1tky\",\"isPartOf\":{\"@id\":\"https:\/\/compolatky.cz\/#website\"},\"primaryImageOfPage\":{\"@id\":\"https:\/\/compolatky.cz\/sk\/produkt\/meditap\/#primaryimage\"},\"image\":{\"@id\":\"https:\/\/compolatky.cz\/sk\/produkt\/meditap\/#primaryimage\"},\"thumbnailUrl\":\"https:\/\/compolatky.cz\/wp-content\/uploads\/2020\/01\/Meditap-1017.jpg\",\"datePublished\":\"2020-01-09T15:10:33+00:00\",\"dateModified\":\"2023-02-10T12:45:20+00:00\",\"breadcrumb\":{\"@id\":\"https:\/\/compolatky.cz\/sk\/produkt\/meditap\/#breadcrumb\"},\"inLanguage\":\"sk-SK\",\"potentialAction\":[{\"@type\":\"ReadAction\",\"target\":[\"https:\/\/compolatky.cz\/sk\/produkt\/meditap\/\"]}]},{\"@type\":\"ImageObject\",\"inLanguage\":\"sk-SK\",\"@id\":\"https:\/\/compolatky.cz\/sk\/produkt\/meditap\/#primaryimage\",\"url\":\"https:\/\/compolatky.cz\/wp-content\/uploads\/2020\/01\/Meditap-1017.jpg\",\"contentUrl\":\"https:\/\/compolatky.cz\/wp-content\/uploads\/2020\/01\/Meditap-1017.jpg\",\"width\":800,\"height\":600},{\"@type\":\"BreadcrumbList\",\"@id\":\"https:\/\/compolatky.cz\/sk\/produkt\/meditap\/#breadcrumb\",\"itemListElement\":[{\"@type\":\"ListItem\",\"position\":1,\"name\":\"Shop\",\"item\":\"https:\/\/compolatky.cz\/sk\/shop\/\"},{\"@type\":\"ListItem\",\"position\":2,\"name\":\"Meditap\"}]},{\"@type\":\"WebSite\",\"@id\":\"https:\/\/compolatky.cz\/#website\",\"url\":\"https:\/\/compolatky.cz\/\",\"name\":\"Compo L\u00e1tky\",\"description\":\"Velkoobchod s potahov\u00fdmi l\u00e1tkami\",\"potentialAction\":[{\"@type\":\"SearchAction\",\"target\":{\"@type\":\"EntryPoint\",\"urlTemplate\":\"https:\/\/compolatky.cz\/?s={search_term_string}\"},\"query-input\":{\"@type\":\"PropertyValueSpecification\",\"valueRequired\":true,\"valueName\":\"search_term_string\"}}],\"inLanguage\":\"sk-SK\"}]}<\/script>\n<!-- \/ Yoast SEO plugin. -->","yoast_head_json":{"title":"Meditap - Compo L\u00e1tky","robots":{"index":"index","follow":"follow","max-snippet":"max-snippet:-1","max-image-preview":"max-image-preview:large","max-video-preview":"max-video-preview:-1"},"canonical":"https:\/\/compolatky.cz\/sk\/produkt\/meditap\/","og_locale":"sk_SK","og_type":"article","og_title":"Meditap - Compo L\u00e1tky","og_description":"Ko\u017eenka Zlo\u017eenie: 100% polyvinylchlorid Zlo\u017eenie podklad: 100% polyester Gram\u00e1\u017e: 652 [&hellip;]","og_url":"https:\/\/compolatky.cz\/sk\/produkt\/meditap\/","og_site_name":"Compo L\u00e1tky","article_modified_time":"2023-02-10T12:45:20+00:00","og_image":[{"width":800,"height":600,"url":"https:\/\/compolatky.cz\/wp-content\/uploads\/2020\/01\/Meditap-1017.jpg","type":"image\/jpeg"}],"twitter_card":"summary_large_image","schema":{"@context":"https:\/\/schema.org","@graph":[{"@type":"WebPage","@id":"https:\/\/compolatky.cz\/sk\/produkt\/meditap\/","url":"https:\/\/compolatky.cz\/sk\/produkt\/meditap\/","name":"Meditap - Compo L\u00e1tky","isPartOf":{"@id":"https:\/\/compolatky.cz\/#website"},"primaryImageOfPage":{"@id":"https:\/\/compolatky.cz\/sk\/produkt\/meditap\/#primaryimage"},"image":{"@id":"https:\/\/compolatky.cz\/sk\/produkt\/meditap\/#primaryimage"},"thumbnailUrl":"https:\/\/compolatky.cz\/wp-content\/uploads\/2020\/01\/Meditap-1017.jpg","datePublished":"2020-01-09T15:10:33+00:00","dateModified":"2023-02-10T12:45:20+00:00","breadcrumb":{"@id":"https:\/\/compolatky.cz\/sk\/produkt\/meditap\/#breadcrumb"},"inLanguage":"sk-SK","potentialAction":[{"@type":"ReadAction","target":["https:\/\/compolatky.cz\/sk\/produkt\/meditap\/"]}]},{"@type":"ImageObject","inLanguage":"sk-SK","@id":"https:\/\/compolatky.cz\/sk\/produkt\/meditap\/#primaryimage","url":"https:\/\/compolatky.cz\/wp-content\/uploads\/2020\/01\/Meditap-1017.jpg","contentUrl":"https:\/\/compolatky.cz\/wp-content\/uploads\/2020\/01\/Meditap-1017.jpg","width":800,"height":600},{"@type":"BreadcrumbList","@id":"https:\/\/compolatky.cz\/sk\/produkt\/meditap\/#breadcrumb","itemListElement":[{"@type":"ListItem","position":1,"name":"Shop","item":"https:\/\/compolatky.cz\/sk\/shop\/"},{"@type":"ListItem","position":2,"name":"Meditap"}]},{"@type":"WebSite","@id":"https:\/\/compolatky.cz\/#website","url":"https:\/\/compolatky.cz\/","name":"Compo L\u00e1tky","description":"Velkoobchod s potahov\u00fdmi l\u00e1tkami","potentialAction":[{"@type":"SearchAction","target":{"@type":"EntryPoint","urlTemplate":"https:\/\/compolatky.cz\/?s={search_term_string}"},"query-input":{"@type":"PropertyValueSpecification","valueRequired":true,"valueName":"search_term_string"}}],"inLanguage":"sk-SK"}]}},"_links":{"self":[{"href":"https:\/\/compolatky.cz\/sk\/wp-json\/wp\/v2\/product\/9225"}],"collection":[{"href":"https:\/\/compolatky.cz\/sk\/wp-json\/wp\/v2\/product"}],"about":[{"href":"https:\/\/compolatky.cz\/sk\/wp-json\/wp\/v2\/types\/product"}],"wp:featuredmedia":[{"embeddable":true,"href":"https:\/\/compolatky.cz\/sk\/wp-json\/wp\/v2\/media\/7181"}],"wp:attachment":[{"href":"https:\/\/compolatky.cz\/sk\/wp-json\/wp\/v2\/media?parent=9225"}],"wp:term":[{"taxonomy":"product_cat","embeddable":true,"href":"https:\/\/compolatky.cz\/sk\/wp-json\/wp\/v2\/product_cat?post=9225"},{"taxonomy":"product_tag","embeddable":true,"href":"https:\/\/compolatky.cz\/sk\/wp-json\/wp\/v2\/product_tag?post=9225"}],"curies":[{"name":"wp","href":"https:\/\/api.w.org\/{rel}","templated":true}]}}