{"id":9050,"date":"2020-06-17T12:00:04","date_gmt":"2020-06-17T10:00:04","guid":{"rendered":"https:\/\/compolatky.cz\/product\/mia\/"},"modified":"2023-02-10T09:53:31","modified_gmt":"2023-02-10T08:53:31","slug":"mia","status":"publish","type":"product","link":"https:\/\/compolatky.cz\/sk\/produkt\/mia\/","title":{"rendered":"Mia"},"content":{"rendered":"<p><strong>Po\u0165ahov\u00e1 l\u00e1tka<\/strong><\/p>\n<div>\n<p><strong>Zlo\u017eenie: <\/strong>100% polyester<br \/>\n<b>Gram\u00e1\u017e:<\/b> 450 g\/bm<br \/>\n<b>\u0160\u00edrka kot\u00fa\u010da:<\/b> 140 cm<br \/>\n<b>Test oderu Martindale:<\/b> &gt;100.000 ot\u00e1\u010dok<\/p>\n<p>&nbsp;<\/p>\n<\/div>\n<h2><\/h2>\n<div><\/div>\n","protected":false},"excerpt":{"rendered":"<p>Po\u0165ahov\u00e1 l\u00e1tka Zlo\u017eenie: 100% polyester Gram\u00e1\u017e: 450 g\/bm \u0160\u00edrka kot\u00fa\u010da: [&hellip;]<\/p>\n","protected":false},"featured_media":7577,"template":"","meta":{"_acf_changed":false},"product_cat":[68],"product_tag":[],"class_list":{"0":"post-9050","1":"product","2":"type-product","3":"status-publish","4":"has-post-thumbnail","6":"product_cat-potahove-latky","8":"first","9":"instock","10":"shipping-taxable","11":"purchasable","12":"product-type-variable","13":"wvs-pro-product","14":"wvs-pro-after-cart-button"},"acf":[],"yoast_head":"<!-- This site is optimized with the Yoast SEO plugin v23.4 - https:\/\/yoast.com\/wordpress\/plugins\/seo\/ -->\n<title>Mia - Compo L\u00e1tky<\/title>\n<meta name=\"robots\" content=\"index, follow, max-snippet:-1, max-image-preview:large, max-video-preview:-1\" \/>\n<link rel=\"canonical\" href=\"https:\/\/compolatky.cz\/sk\/produkt\/mia\/\" \/>\n<meta property=\"og:locale\" content=\"sk_SK\" \/>\n<meta property=\"og:type\" content=\"article\" \/>\n<meta property=\"og:title\" content=\"Mia - Compo L\u00e1tky\" \/>\n<meta property=\"og:description\" content=\"Po\u0165ahov\u00e1 l\u00e1tka Zlo\u017eenie: 100% polyester Gram\u00e1\u017e: 450 g\/bm \u0160\u00edrka kot\u00fa\u010da: [&hellip;]\" \/>\n<meta property=\"og:url\" content=\"https:\/\/compolatky.cz\/sk\/produkt\/mia\/\" \/>\n<meta property=\"og:site_name\" content=\"Compo L\u00e1tky\" \/>\n<meta property=\"article:modified_time\" content=\"2023-02-10T08:53:31+00:00\" \/>\n<meta property=\"og:image\" content=\"https:\/\/compolatky.cz\/wp-content\/uploads\/2020\/06\/600.jpg\" \/>\n\t<meta property=\"og:image:width\" content=\"496\" \/>\n\t<meta property=\"og:image:height\" content=\"372\" \/>\n\t<meta property=\"og:image:type\" content=\"image\/jpeg\" \/>\n<meta name=\"twitter:card\" content=\"summary_large_image\" \/>\n<script type=\"application\/ld+json\" class=\"yoast-schema-graph\">{\"@context\":\"https:\/\/schema.org\",\"@graph\":[{\"@type\":\"WebPage\",\"@id\":\"https:\/\/compolatky.cz\/sk\/produkt\/mia\/\",\"url\":\"https:\/\/compolatky.cz\/sk\/produkt\/mia\/\",\"name\":\"Mia - Compo L\u00e1tky\",\"isPartOf\":{\"@id\":\"https:\/\/compolatky.cz\/#website\"},\"primaryImageOfPage\":{\"@id\":\"https:\/\/compolatky.cz\/sk\/produkt\/mia\/#primaryimage\"},\"image\":{\"@id\":\"https:\/\/compolatky.cz\/sk\/produkt\/mia\/#primaryimage\"},\"thumbnailUrl\":\"https:\/\/compolatky.cz\/wp-content\/uploads\/2020\/06\/600.jpg\",\"datePublished\":\"2020-06-17T10:00:04+00:00\",\"dateModified\":\"2023-02-10T08:53:31+00:00\",\"breadcrumb\":{\"@id\":\"https:\/\/compolatky.cz\/sk\/produkt\/mia\/#breadcrumb\"},\"inLanguage\":\"sk-SK\",\"potentialAction\":[{\"@type\":\"ReadAction\",\"target\":[\"https:\/\/compolatky.cz\/sk\/produkt\/mia\/\"]}]},{\"@type\":\"ImageObject\",\"inLanguage\":\"sk-SK\",\"@id\":\"https:\/\/compolatky.cz\/sk\/produkt\/mia\/#primaryimage\",\"url\":\"https:\/\/compolatky.cz\/wp-content\/uploads\/2020\/06\/600.jpg\",\"contentUrl\":\"https:\/\/compolatky.cz\/wp-content\/uploads\/2020\/06\/600.jpg\",\"width\":496,\"height\":372},{\"@type\":\"BreadcrumbList\",\"@id\":\"https:\/\/compolatky.cz\/sk\/produkt\/mia\/#breadcrumb\",\"itemListElement\":[{\"@type\":\"ListItem\",\"position\":1,\"name\":\"Shop\",\"item\":\"https:\/\/compolatky.cz\/sk\/shop\/\"},{\"@type\":\"ListItem\",\"position\":2,\"name\":\"Mia\"}]},{\"@type\":\"WebSite\",\"@id\":\"https:\/\/compolatky.cz\/#website\",\"url\":\"https:\/\/compolatky.cz\/\",\"name\":\"Compo L\u00e1tky\",\"description\":\"Velkoobchod s potahov\u00fdmi l\u00e1tkami\",\"potentialAction\":[{\"@type\":\"SearchAction\",\"target\":{\"@type\":\"EntryPoint\",\"urlTemplate\":\"https:\/\/compolatky.cz\/?s={search_term_string}\"},\"query-input\":{\"@type\":\"PropertyValueSpecification\",\"valueRequired\":true,\"valueName\":\"search_term_string\"}}],\"inLanguage\":\"sk-SK\"}]}<\/script>\n<!-- \/ Yoast SEO plugin. -->","yoast_head_json":{"title":"Mia - Compo L\u00e1tky","robots":{"index":"index","follow":"follow","max-snippet":"max-snippet:-1","max-image-preview":"max-image-preview:large","max-video-preview":"max-video-preview:-1"},"canonical":"https:\/\/compolatky.cz\/sk\/produkt\/mia\/","og_locale":"sk_SK","og_type":"article","og_title":"Mia - Compo L\u00e1tky","og_description":"Po\u0165ahov\u00e1 l\u00e1tka Zlo\u017eenie: 100% polyester Gram\u00e1\u017e: 450 g\/bm \u0160\u00edrka kot\u00fa\u010da: [&hellip;]","og_url":"https:\/\/compolatky.cz\/sk\/produkt\/mia\/","og_site_name":"Compo L\u00e1tky","article_modified_time":"2023-02-10T08:53:31+00:00","og_image":[{"width":496,"height":372,"url":"https:\/\/compolatky.cz\/wp-content\/uploads\/2020\/06\/600.jpg","type":"image\/jpeg"}],"twitter_card":"summary_large_image","schema":{"@context":"https:\/\/schema.org","@graph":[{"@type":"WebPage","@id":"https:\/\/compolatky.cz\/sk\/produkt\/mia\/","url":"https:\/\/compolatky.cz\/sk\/produkt\/mia\/","name":"Mia - Compo L\u00e1tky","isPartOf":{"@id":"https:\/\/compolatky.cz\/#website"},"primaryImageOfPage":{"@id":"https:\/\/compolatky.cz\/sk\/produkt\/mia\/#primaryimage"},"image":{"@id":"https:\/\/compolatky.cz\/sk\/produkt\/mia\/#primaryimage"},"thumbnailUrl":"https:\/\/compolatky.cz\/wp-content\/uploads\/2020\/06\/600.jpg","datePublished":"2020-06-17T10:00:04+00:00","dateModified":"2023-02-10T08:53:31+00:00","breadcrumb":{"@id":"https:\/\/compolatky.cz\/sk\/produkt\/mia\/#breadcrumb"},"inLanguage":"sk-SK","potentialAction":[{"@type":"ReadAction","target":["https:\/\/compolatky.cz\/sk\/produkt\/mia\/"]}]},{"@type":"ImageObject","inLanguage":"sk-SK","@id":"https:\/\/compolatky.cz\/sk\/produkt\/mia\/#primaryimage","url":"https:\/\/compolatky.cz\/wp-content\/uploads\/2020\/06\/600.jpg","contentUrl":"https:\/\/compolatky.cz\/wp-content\/uploads\/2020\/06\/600.jpg","width":496,"height":372},{"@type":"BreadcrumbList","@id":"https:\/\/compolatky.cz\/sk\/produkt\/mia\/#breadcrumb","itemListElement":[{"@type":"ListItem","position":1,"name":"Shop","item":"https:\/\/compolatky.cz\/sk\/shop\/"},{"@type":"ListItem","position":2,"name":"Mia"}]},{"@type":"WebSite","@id":"https:\/\/compolatky.cz\/#website","url":"https:\/\/compolatky.cz\/","name":"Compo L\u00e1tky","description":"Velkoobchod s potahov\u00fdmi l\u00e1tkami","potentialAction":[{"@type":"SearchAction","target":{"@type":"EntryPoint","urlTemplate":"https:\/\/compolatky.cz\/?s={search_term_string}"},"query-input":{"@type":"PropertyValueSpecification","valueRequired":true,"valueName":"search_term_string"}}],"inLanguage":"sk-SK"}]}},"_links":{"self":[{"href":"https:\/\/compolatky.cz\/sk\/wp-json\/wp\/v2\/product\/9050"}],"collection":[{"href":"https:\/\/compolatky.cz\/sk\/wp-json\/wp\/v2\/product"}],"about":[{"href":"https:\/\/compolatky.cz\/sk\/wp-json\/wp\/v2\/types\/product"}],"wp:featuredmedia":[{"embeddable":true,"href":"https:\/\/compolatky.cz\/sk\/wp-json\/wp\/v2\/media\/7577"}],"wp:attachment":[{"href":"https:\/\/compolatky.cz\/sk\/wp-json\/wp\/v2\/media?parent=9050"}],"wp:term":[{"taxonomy":"product_cat","embeddable":true,"href":"https:\/\/compolatky.cz\/sk\/wp-json\/wp\/v2\/product_cat?post=9050"},{"taxonomy":"product_tag","embeddable":true,"href":"https:\/\/compolatky.cz\/sk\/wp-json\/wp\/v2\/product_tag?post=9050"}],"curies":[{"name":"wp","href":"https:\/\/api.w.org\/{rel}","templated":true}]}}