{"id":8547,"date":"2020-09-21T13:28:17","date_gmt":"2020-09-21T11:28:17","guid":{"rendered":"https:\/\/compolatky.cz\/product\/queen-julia\/"},"modified":"2023-02-10T16:14:35","modified_gmt":"2023-02-10T15:14:35","slug":"queen-julia","status":"publish","type":"product","link":"https:\/\/compolatky.cz\/sk\/produkt\/queen-julia\/","title":{"rendered":"Queen Julia"},"content":{"rendered":"<p><strong>Po\u0165ahov\u00e1 a&nbsp;dekora\u010dn\u00e1 l\u00e1tka<\/strong><\/p>\n<div>\n<p><strong>Zlo\u017eenie: <\/strong>100% polyester<br \/>\n<b>Gram\u00e1\u017e:<\/b> 413 g\/bm<br \/>\n<b>\u0160\u00edrka kot\u00fa\u010da:<\/b> 140 cm<br \/>\n<b>Test oderu Martindale:<\/b> &gt; 35.000 ot\u00e1\u010dok<\/p>\n<p><strong>L\u00e1tka je obojstrann\u00e1, je mo\u017en\u00e9 kombinova\u0165 rubov\u00fa aj l\u00edcov\u00fa stranu.<\/strong><\/p>\n<\/div>\n<h2><\/h2>\n<div><\/div>\n","protected":false},"excerpt":{"rendered":"<p>Po\u0165ahov\u00e1 a&nbsp;dekora\u010dn\u00e1 l\u00e1tka.<\/p>\n<p><strong>L\u00e1tka je obojstrann\u00e1, je mo\u017en\u00e9 kombinova\u0165 rubov\u00fa aj l\u00edcov\u00fa stranu.<\/strong><\/p>\n","protected":false},"featured_media":7910,"template":"","meta":{"_acf_changed":false},"product_cat":[68],"product_tag":[],"class_list":{"0":"post-8547","1":"product","2":"type-product","3":"status-publish","4":"has-post-thumbnail","6":"product_cat-potahove-latky","8":"first","9":"instock","10":"shipping-taxable","11":"purchasable","12":"product-type-variable","13":"wvs-pro-product","14":"wvs-pro-after-cart-button"},"acf":[],"yoast_head":"<!-- This site is optimized with the Yoast SEO plugin v23.4 - https:\/\/yoast.com\/wordpress\/plugins\/seo\/ -->\n<title>Queen Julia - Compo L\u00e1tky<\/title>\n<meta name=\"robots\" content=\"index, follow, max-snippet:-1, max-image-preview:large, max-video-preview:-1\" \/>\n<link rel=\"canonical\" href=\"https:\/\/compolatky.cz\/sk\/produkt\/queen-julia\/\" \/>\n<meta property=\"og:locale\" content=\"sk_SK\" \/>\n<meta property=\"og:type\" content=\"article\" \/>\n<meta property=\"og:title\" content=\"Queen Julia - Compo L\u00e1tky\" \/>\n<meta property=\"og:description\" content=\"Po\u0165ahov\u00e1 a dekora\u010dn\u00e1 l\u00e1tka. L\u00e1tka je obojstrann\u00e1, je mo\u017en\u00e9 kombinova\u0165 rubov\u00fa aj l\u00edcov\u00fa stranu.\" \/>\n<meta property=\"og:url\" content=\"https:\/\/compolatky.cz\/sk\/produkt\/queen-julia\/\" \/>\n<meta property=\"og:site_name\" content=\"Compo L\u00e1tky\" \/>\n<meta property=\"article:modified_time\" content=\"2023-02-10T15:14:35+00:00\" \/>\n<meta property=\"og:image\" content=\"https:\/\/compolatky.cz\/wp-content\/uploads\/2020\/09\/Queen-JULIA-01-A.jpg\" \/>\n\t<meta property=\"og:image:width\" content=\"800\" \/>\n\t<meta property=\"og:image:height\" content=\"600\" \/>\n\t<meta property=\"og:image:type\" content=\"image\/jpeg\" \/>\n<meta name=\"twitter:card\" content=\"summary_large_image\" \/>\n<script type=\"application\/ld+json\" class=\"yoast-schema-graph\">{\"@context\":\"https:\/\/schema.org\",\"@graph\":[{\"@type\":\"WebPage\",\"@id\":\"https:\/\/compolatky.cz\/sk\/produkt\/queen-julia\/\",\"url\":\"https:\/\/compolatky.cz\/sk\/produkt\/queen-julia\/\",\"name\":\"Queen Julia - Compo L\u00e1tky\",\"isPartOf\":{\"@id\":\"https:\/\/compolatky.cz\/#website\"},\"primaryImageOfPage\":{\"@id\":\"https:\/\/compolatky.cz\/sk\/produkt\/queen-julia\/#primaryimage\"},\"image\":{\"@id\":\"https:\/\/compolatky.cz\/sk\/produkt\/queen-julia\/#primaryimage\"},\"thumbnailUrl\":\"https:\/\/compolatky.cz\/wp-content\/uploads\/2020\/09\/Queen-JULIA-01-A.jpg\",\"datePublished\":\"2020-09-21T11:28:17+00:00\",\"dateModified\":\"2023-02-10T15:14:35+00:00\",\"breadcrumb\":{\"@id\":\"https:\/\/compolatky.cz\/sk\/produkt\/queen-julia\/#breadcrumb\"},\"inLanguage\":\"sk-SK\",\"potentialAction\":[{\"@type\":\"ReadAction\",\"target\":[\"https:\/\/compolatky.cz\/sk\/produkt\/queen-julia\/\"]}]},{\"@type\":\"ImageObject\",\"inLanguage\":\"sk-SK\",\"@id\":\"https:\/\/compolatky.cz\/sk\/produkt\/queen-julia\/#primaryimage\",\"url\":\"https:\/\/compolatky.cz\/wp-content\/uploads\/2020\/09\/Queen-JULIA-01-A.jpg\",\"contentUrl\":\"https:\/\/compolatky.cz\/wp-content\/uploads\/2020\/09\/Queen-JULIA-01-A.jpg\",\"width\":800,\"height\":600},{\"@type\":\"BreadcrumbList\",\"@id\":\"https:\/\/compolatky.cz\/sk\/produkt\/queen-julia\/#breadcrumb\",\"itemListElement\":[{\"@type\":\"ListItem\",\"position\":1,\"name\":\"Shop\",\"item\":\"https:\/\/compolatky.cz\/sk\/shop\/\"},{\"@type\":\"ListItem\",\"position\":2,\"name\":\"Queen Julia\"}]},{\"@type\":\"WebSite\",\"@id\":\"https:\/\/compolatky.cz\/#website\",\"url\":\"https:\/\/compolatky.cz\/\",\"name\":\"Compo L\u00e1tky\",\"description\":\"Velkoobchod s potahov\u00fdmi l\u00e1tkami\",\"potentialAction\":[{\"@type\":\"SearchAction\",\"target\":{\"@type\":\"EntryPoint\",\"urlTemplate\":\"https:\/\/compolatky.cz\/?s={search_term_string}\"},\"query-input\":{\"@type\":\"PropertyValueSpecification\",\"valueRequired\":true,\"valueName\":\"search_term_string\"}}],\"inLanguage\":\"sk-SK\"}]}<\/script>\n<!-- \/ Yoast SEO plugin. -->","yoast_head_json":{"title":"Queen Julia - Compo L\u00e1tky","robots":{"index":"index","follow":"follow","max-snippet":"max-snippet:-1","max-image-preview":"max-image-preview:large","max-video-preview":"max-video-preview:-1"},"canonical":"https:\/\/compolatky.cz\/sk\/produkt\/queen-julia\/","og_locale":"sk_SK","og_type":"article","og_title":"Queen Julia - Compo L\u00e1tky","og_description":"Po\u0165ahov\u00e1 a dekora\u010dn\u00e1 l\u00e1tka. L\u00e1tka je obojstrann\u00e1, je mo\u017en\u00e9 kombinova\u0165 rubov\u00fa aj l\u00edcov\u00fa stranu.","og_url":"https:\/\/compolatky.cz\/sk\/produkt\/queen-julia\/","og_site_name":"Compo L\u00e1tky","article_modified_time":"2023-02-10T15:14:35+00:00","og_image":[{"width":800,"height":600,"url":"https:\/\/compolatky.cz\/wp-content\/uploads\/2020\/09\/Queen-JULIA-01-A.jpg","type":"image\/jpeg"}],"twitter_card":"summary_large_image","schema":{"@context":"https:\/\/schema.org","@graph":[{"@type":"WebPage","@id":"https:\/\/compolatky.cz\/sk\/produkt\/queen-julia\/","url":"https:\/\/compolatky.cz\/sk\/produkt\/queen-julia\/","name":"Queen Julia - Compo L\u00e1tky","isPartOf":{"@id":"https:\/\/compolatky.cz\/#website"},"primaryImageOfPage":{"@id":"https:\/\/compolatky.cz\/sk\/produkt\/queen-julia\/#primaryimage"},"image":{"@id":"https:\/\/compolatky.cz\/sk\/produkt\/queen-julia\/#primaryimage"},"thumbnailUrl":"https:\/\/compolatky.cz\/wp-content\/uploads\/2020\/09\/Queen-JULIA-01-A.jpg","datePublished":"2020-09-21T11:28:17+00:00","dateModified":"2023-02-10T15:14:35+00:00","breadcrumb":{"@id":"https:\/\/compolatky.cz\/sk\/produkt\/queen-julia\/#breadcrumb"},"inLanguage":"sk-SK","potentialAction":[{"@type":"ReadAction","target":["https:\/\/compolatky.cz\/sk\/produkt\/queen-julia\/"]}]},{"@type":"ImageObject","inLanguage":"sk-SK","@id":"https:\/\/compolatky.cz\/sk\/produkt\/queen-julia\/#primaryimage","url":"https:\/\/compolatky.cz\/wp-content\/uploads\/2020\/09\/Queen-JULIA-01-A.jpg","contentUrl":"https:\/\/compolatky.cz\/wp-content\/uploads\/2020\/09\/Queen-JULIA-01-A.jpg","width":800,"height":600},{"@type":"BreadcrumbList","@id":"https:\/\/compolatky.cz\/sk\/produkt\/queen-julia\/#breadcrumb","itemListElement":[{"@type":"ListItem","position":1,"name":"Shop","item":"https:\/\/compolatky.cz\/sk\/shop\/"},{"@type":"ListItem","position":2,"name":"Queen Julia"}]},{"@type":"WebSite","@id":"https:\/\/compolatky.cz\/#website","url":"https:\/\/compolatky.cz\/","name":"Compo L\u00e1tky","description":"Velkoobchod s potahov\u00fdmi l\u00e1tkami","potentialAction":[{"@type":"SearchAction","target":{"@type":"EntryPoint","urlTemplate":"https:\/\/compolatky.cz\/?s={search_term_string}"},"query-input":{"@type":"PropertyValueSpecification","valueRequired":true,"valueName":"search_term_string"}}],"inLanguage":"sk-SK"}]}},"_links":{"self":[{"href":"https:\/\/compolatky.cz\/sk\/wp-json\/wp\/v2\/product\/8547"}],"collection":[{"href":"https:\/\/compolatky.cz\/sk\/wp-json\/wp\/v2\/product"}],"about":[{"href":"https:\/\/compolatky.cz\/sk\/wp-json\/wp\/v2\/types\/product"}],"wp:featuredmedia":[{"embeddable":true,"href":"https:\/\/compolatky.cz\/sk\/wp-json\/wp\/v2\/media\/7910"}],"wp:attachment":[{"href":"https:\/\/compolatky.cz\/sk\/wp-json\/wp\/v2\/media?parent=8547"}],"wp:term":[{"taxonomy":"product_cat","embeddable":true,"href":"https:\/\/compolatky.cz\/sk\/wp-json\/wp\/v2\/product_cat?post=8547"},{"taxonomy":"product_tag","embeddable":true,"href":"https:\/\/compolatky.cz\/sk\/wp-json\/wp\/v2\/product_tag?post=8547"}],"curies":[{"name":"wp","href":"https:\/\/api.w.org\/{rel}","templated":true}]}}