{"id":14970,"date":"2020-02-06T12:06:46","date_gmt":"2020-02-06T11:06:46","guid":{"rendered":"https:\/\/compolatky.cz\/product\/acapulco\/"},"modified":"2023-02-10T14:16:59","modified_gmt":"2023-02-10T13:16:59","slug":"acapulco","status":"publish","type":"product","link":"https:\/\/compolatky.cz\/sk\/produkt\/acapulco\/","title":{"rendered":"Acapulco"},"content":{"rendered":"<div class=\"fusion-fullwidth fullwidth-box fusion-builder-row-1 nonhundred-percent-fullwidth non-hundred-percent-height-scrolling\" style=\"--awb-border-radius-top-left:0px;--awb-border-radius-top-right:0px;--awb-border-radius-bottom-right:0px;--awb-border-radius-bottom-left:0px;--awb-flex-wrap:wrap;\" ><div class=\"fusion-builder-row fusion-row\"><div class=\"fusion-layout-column fusion_builder_column fusion-builder-column-0 fusion_builder_column_1_1 1_1 fusion-one-full fusion-column-first fusion-column-last\" style=\"--awb-bg-size:cover;--awb-margin-bottom:0px;\"><div class=\"fusion-column-wrapper fusion-flex-column-wrapper-legacy\"><div class=\"fusion-text fusion-text-1\"><p><strong>Po\u0165ahov\u00e1 l\u00e1tka<\/strong><\/p>\n<div>\n<p><strong>Zlo\u017eenie: <\/strong>100% polyester<br \/>\n<b>Gram\u00e1\u017e:<\/b> 445 g\/bm<br \/>\n<b>\u0160\u00edrka kot\u00fa\u010da:<\/b> 140 cm<br \/>\n<b>Test oderu Martindale:<\/b> &gt;70.000 ot\u00e1\u010dok<\/p>\n<\/div>\n<h2><\/h2>\n<div><\/div>\n<\/div><div class=\"fusion-clearfix\"><\/div><\/div><\/div><\/div><\/div>\n","protected":false},"excerpt":{"rendered":"","protected":false},"featured_media":5571,"template":"","meta":{"_acf_changed":false},"product_cat":[68],"product_tag":[],"class_list":{"0":"post-14970","1":"product","2":"type-product","3":"status-publish","4":"has-post-thumbnail","6":"product_cat-potahove-latky","8":"first","9":"instock","10":"shipping-taxable","11":"purchasable","12":"product-type-variable","13":"wvs-pro-product","14":"wvs-pro-after-cart-button"},"acf":[],"yoast_head":"<!-- This site is optimized with the Yoast SEO plugin v23.4 - https:\/\/yoast.com\/wordpress\/plugins\/seo\/ -->\n<title>Acapulco - Compo L\u00e1tky<\/title>\n<meta name=\"robots\" content=\"index, follow, max-snippet:-1, max-image-preview:large, max-video-preview:-1\" \/>\n<link rel=\"canonical\" href=\"https:\/\/compolatky.cz\/sk\/produkt\/acapulco\/\" \/>\n<meta property=\"og:locale\" content=\"sk_SK\" \/>\n<meta property=\"og:type\" content=\"article\" \/>\n<meta property=\"og:title\" content=\"Acapulco - Compo L\u00e1tky\" \/>\n<meta property=\"og:url\" content=\"https:\/\/compolatky.cz\/sk\/produkt\/acapulco\/\" \/>\n<meta property=\"og:site_name\" content=\"Compo L\u00e1tky\" \/>\n<meta property=\"article:modified_time\" content=\"2023-02-10T13:16:59+00:00\" \/>\n<meta property=\"og:image\" content=\"https:\/\/compolatky.cz\/wp-content\/uploads\/2020\/02\/Acapulco-806.jpg\" \/>\n\t<meta property=\"og:image:width\" content=\"800\" \/>\n\t<meta property=\"og:image:height\" content=\"600\" \/>\n\t<meta property=\"og:image:type\" content=\"image\/jpeg\" \/>\n<meta name=\"twitter:card\" content=\"summary_large_image\" \/>\n<meta name=\"twitter:label1\" content=\"Predpokladan\u00fd \u010das \u010d\u00edtania\" \/>\n\t<meta name=\"twitter:data1\" content=\"1 min\u00fata\" \/>\n<script type=\"application\/ld+json\" class=\"yoast-schema-graph\">{\"@context\":\"https:\/\/schema.org\",\"@graph\":[{\"@type\":\"WebPage\",\"@id\":\"https:\/\/compolatky.cz\/sk\/produkt\/acapulco\/\",\"url\":\"https:\/\/compolatky.cz\/sk\/produkt\/acapulco\/\",\"name\":\"Acapulco - Compo L\u00e1tky\",\"isPartOf\":{\"@id\":\"https:\/\/compolatky.cz\/#website\"},\"primaryImageOfPage\":{\"@id\":\"https:\/\/compolatky.cz\/sk\/produkt\/acapulco\/#primaryimage\"},\"image\":{\"@id\":\"https:\/\/compolatky.cz\/sk\/produkt\/acapulco\/#primaryimage\"},\"thumbnailUrl\":\"https:\/\/compolatky.cz\/wp-content\/uploads\/2020\/02\/Acapulco-806.jpg\",\"datePublished\":\"2020-02-06T11:06:46+00:00\",\"dateModified\":\"2023-02-10T13:16:59+00:00\",\"breadcrumb\":{\"@id\":\"https:\/\/compolatky.cz\/sk\/produkt\/acapulco\/#breadcrumb\"},\"inLanguage\":\"sk-SK\",\"potentialAction\":[{\"@type\":\"ReadAction\",\"target\":[\"https:\/\/compolatky.cz\/sk\/produkt\/acapulco\/\"]}]},{\"@type\":\"ImageObject\",\"inLanguage\":\"sk-SK\",\"@id\":\"https:\/\/compolatky.cz\/sk\/produkt\/acapulco\/#primaryimage\",\"url\":\"https:\/\/compolatky.cz\/wp-content\/uploads\/2020\/02\/Acapulco-806.jpg\",\"contentUrl\":\"https:\/\/compolatky.cz\/wp-content\/uploads\/2020\/02\/Acapulco-806.jpg\",\"width\":800,\"height\":600},{\"@type\":\"BreadcrumbList\",\"@id\":\"https:\/\/compolatky.cz\/sk\/produkt\/acapulco\/#breadcrumb\",\"itemListElement\":[{\"@type\":\"ListItem\",\"position\":1,\"name\":\"Shop\",\"item\":\"https:\/\/compolatky.cz\/sk\/shop\/\"},{\"@type\":\"ListItem\",\"position\":2,\"name\":\"Acapulco\"}]},{\"@type\":\"WebSite\",\"@id\":\"https:\/\/compolatky.cz\/#website\",\"url\":\"https:\/\/compolatky.cz\/\",\"name\":\"Compo L\u00e1tky\",\"description\":\"Velkoobchod s potahov\u00fdmi l\u00e1tkami\",\"potentialAction\":[{\"@type\":\"SearchAction\",\"target\":{\"@type\":\"EntryPoint\",\"urlTemplate\":\"https:\/\/compolatky.cz\/?s={search_term_string}\"},\"query-input\":{\"@type\":\"PropertyValueSpecification\",\"valueRequired\":true,\"valueName\":\"search_term_string\"}}],\"inLanguage\":\"sk-SK\"}]}<\/script>\n<!-- \/ Yoast SEO plugin. -->","yoast_head_json":{"title":"Acapulco - Compo L\u00e1tky","robots":{"index":"index","follow":"follow","max-snippet":"max-snippet:-1","max-image-preview":"max-image-preview:large","max-video-preview":"max-video-preview:-1"},"canonical":"https:\/\/compolatky.cz\/sk\/produkt\/acapulco\/","og_locale":"sk_SK","og_type":"article","og_title":"Acapulco - Compo L\u00e1tky","og_url":"https:\/\/compolatky.cz\/sk\/produkt\/acapulco\/","og_site_name":"Compo L\u00e1tky","article_modified_time":"2023-02-10T13:16:59+00:00","og_image":[{"width":800,"height":600,"url":"https:\/\/compolatky.cz\/wp-content\/uploads\/2020\/02\/Acapulco-806.jpg","type":"image\/jpeg"}],"twitter_card":"summary_large_image","twitter_misc":{"Predpokladan\u00fd \u010das \u010d\u00edtania":"1 min\u00fata"},"schema":{"@context":"https:\/\/schema.org","@graph":[{"@type":"WebPage","@id":"https:\/\/compolatky.cz\/sk\/produkt\/acapulco\/","url":"https:\/\/compolatky.cz\/sk\/produkt\/acapulco\/","name":"Acapulco - Compo L\u00e1tky","isPartOf":{"@id":"https:\/\/compolatky.cz\/#website"},"primaryImageOfPage":{"@id":"https:\/\/compolatky.cz\/sk\/produkt\/acapulco\/#primaryimage"},"image":{"@id":"https:\/\/compolatky.cz\/sk\/produkt\/acapulco\/#primaryimage"},"thumbnailUrl":"https:\/\/compolatky.cz\/wp-content\/uploads\/2020\/02\/Acapulco-806.jpg","datePublished":"2020-02-06T11:06:46+00:00","dateModified":"2023-02-10T13:16:59+00:00","breadcrumb":{"@id":"https:\/\/compolatky.cz\/sk\/produkt\/acapulco\/#breadcrumb"},"inLanguage":"sk-SK","potentialAction":[{"@type":"ReadAction","target":["https:\/\/compolatky.cz\/sk\/produkt\/acapulco\/"]}]},{"@type":"ImageObject","inLanguage":"sk-SK","@id":"https:\/\/compolatky.cz\/sk\/produkt\/acapulco\/#primaryimage","url":"https:\/\/compolatky.cz\/wp-content\/uploads\/2020\/02\/Acapulco-806.jpg","contentUrl":"https:\/\/compolatky.cz\/wp-content\/uploads\/2020\/02\/Acapulco-806.jpg","width":800,"height":600},{"@type":"BreadcrumbList","@id":"https:\/\/compolatky.cz\/sk\/produkt\/acapulco\/#breadcrumb","itemListElement":[{"@type":"ListItem","position":1,"name":"Shop","item":"https:\/\/compolatky.cz\/sk\/shop\/"},{"@type":"ListItem","position":2,"name":"Acapulco"}]},{"@type":"WebSite","@id":"https:\/\/compolatky.cz\/#website","url":"https:\/\/compolatky.cz\/","name":"Compo L\u00e1tky","description":"Velkoobchod s potahov\u00fdmi l\u00e1tkami","potentialAction":[{"@type":"SearchAction","target":{"@type":"EntryPoint","urlTemplate":"https:\/\/compolatky.cz\/?s={search_term_string}"},"query-input":{"@type":"PropertyValueSpecification","valueRequired":true,"valueName":"search_term_string"}}],"inLanguage":"sk-SK"}]}},"_links":{"self":[{"href":"https:\/\/compolatky.cz\/sk\/wp-json\/wp\/v2\/product\/14970"}],"collection":[{"href":"https:\/\/compolatky.cz\/sk\/wp-json\/wp\/v2\/product"}],"about":[{"href":"https:\/\/compolatky.cz\/sk\/wp-json\/wp\/v2\/types\/product"}],"wp:featuredmedia":[{"embeddable":true,"href":"https:\/\/compolatky.cz\/sk\/wp-json\/wp\/v2\/media\/5571"}],"wp:attachment":[{"href":"https:\/\/compolatky.cz\/sk\/wp-json\/wp\/v2\/media?parent=14970"}],"wp:term":[{"taxonomy":"product_cat","embeddable":true,"href":"https:\/\/compolatky.cz\/sk\/wp-json\/wp\/v2\/product_cat?post=14970"},{"taxonomy":"product_tag","embeddable":true,"href":"https:\/\/compolatky.cz\/sk\/wp-json\/wp\/v2\/product_tag?post=14970"}],"curies":[{"name":"wp","href":"https:\/\/api.w.org\/{rel}","templated":true}]}}