{"id":12252,"date":"2022-02-16T13:46:11","date_gmt":"2022-02-16T12:46:11","guid":{"rendered":"https:\/\/compolatky.cz\/product\/azure\/"},"modified":"2023-02-09T17:44:01","modified_gmt":"2023-02-09T16:44:01","slug":"azure","status":"publish","type":"product","link":"https:\/\/compolatky.cz\/sk\/produkt\/azure\/","title":{"rendered":"Azure"},"content":{"rendered":"<div class=\"fusion-fullwidth fullwidth-box fusion-builder-row-1 fusion-flex-container nonhundred-percent-fullwidth non-hundred-percent-height-scrolling\" style=\"--awb-border-radius-top-left:0px;--awb-border-radius-top-right:0px;--awb-border-radius-bottom-right:0px;--awb-border-radius-bottom-left:0px;--awb-flex-wrap:wrap;\" ><div class=\"fusion-builder-row fusion-row fusion-flex-align-items-flex-start fusion-flex-content-wrap\" style=\"max-width:1144px;margin-left: calc(-4% \/ 2 );margin-right: calc(-4% \/ 2 );\"><div class=\"fusion-layout-column fusion_builder_column fusion-builder-column-0 fusion_builder_column_1_1 1_1 fusion-flex-column\" style=\"--awb-bg-size:cover;--awb-width-large:100%;--awb-margin-top-large:0px;--awb-spacing-right-large:1.92%;--awb-margin-bottom-large:0px;--awb-spacing-left-large:1.92%;--awb-width-medium:100%;--awb-spacing-right-medium:1.92%;--awb-spacing-left-medium:1.92%;--awb-width-small:100%;--awb-spacing-right-small:1.92%;--awb-spacing-left-small:1.92%;\"><div class=\"fusion-column-wrapper fusion-flex-justify-content-flex-start fusion-content-layout-column\"><div class=\"fusion-text fusion-text-1\"><p><strong>Po\u0165ahov\u00e1 l\u00e1tka<\/strong><\/p>\n<div>\n<p><strong>Zlo\u017eenie: <\/strong>55% akryl, 45% polyester<br \/>\n<b>Gram\u00e1\u017e:<\/b> 620 g\/bm<br \/>\n<b>\u0160\u00edrka kot\u00fa\u010da:<\/b> 140 cm<br \/>\n<b>Test oderu Martindale:<\/b> &gt; 110.000 ot\u00e1\u010dok<\/p>\n<\/div>\n<\/div><\/div><\/div><\/div><\/div>\n","protected":false},"excerpt":{"rendered":"","protected":false},"featured_media":11797,"template":"","meta":{"_acf_changed":false},"product_cat":[68],"product_tag":[],"class_list":{"0":"post-12252","1":"product","2":"type-product","3":"status-publish","4":"has-post-thumbnail","6":"product_cat-potahove-latky","8":"first","9":"instock","10":"shipping-taxable","11":"purchasable","12":"product-type-variable","13":"wvs-pro-product","14":"wvs-pro-after-cart-button"},"acf":[],"yoast_head":"<!-- This site is optimized with the Yoast SEO plugin v23.4 - https:\/\/yoast.com\/wordpress\/plugins\/seo\/ -->\n<title>Azure - Compo L\u00e1tky<\/title>\n<meta name=\"robots\" content=\"index, follow, max-snippet:-1, max-image-preview:large, max-video-preview:-1\" \/>\n<link rel=\"canonical\" href=\"https:\/\/compolatky.cz\/sk\/produkt\/azure\/\" \/>\n<meta property=\"og:locale\" content=\"sk_SK\" \/>\n<meta property=\"og:type\" content=\"article\" \/>\n<meta property=\"og:title\" content=\"Azure - Compo L\u00e1tky\" \/>\n<meta property=\"og:url\" content=\"https:\/\/compolatky.cz\/sk\/produkt\/azure\/\" \/>\n<meta property=\"og:site_name\" content=\"Compo L\u00e1tky\" \/>\n<meta property=\"article:modified_time\" content=\"2023-02-09T16:44:01+00:00\" \/>\n<meta property=\"og:image\" content=\"https:\/\/compolatky.cz\/wp-content\/uploads\/2022\/02\/Azure-40a.jpg\" \/>\n\t<meta property=\"og:image:width\" content=\"800\" \/>\n\t<meta property=\"og:image:height\" content=\"600\" \/>\n\t<meta property=\"og:image:type\" content=\"image\/jpeg\" \/>\n<meta name=\"twitter:card\" content=\"summary_large_image\" \/>\n<meta name=\"twitter:label1\" content=\"Predpokladan\u00fd \u010das \u010d\u00edtania\" \/>\n\t<meta name=\"twitter:data1\" content=\"1 min\u00fata\" \/>\n<script type=\"application\/ld+json\" class=\"yoast-schema-graph\">{\"@context\":\"https:\/\/schema.org\",\"@graph\":[{\"@type\":\"WebPage\",\"@id\":\"https:\/\/compolatky.cz\/sk\/produkt\/azure\/\",\"url\":\"https:\/\/compolatky.cz\/sk\/produkt\/azure\/\",\"name\":\"Azure - Compo L\u00e1tky\",\"isPartOf\":{\"@id\":\"https:\/\/compolatky.cz\/#website\"},\"primaryImageOfPage\":{\"@id\":\"https:\/\/compolatky.cz\/sk\/produkt\/azure\/#primaryimage\"},\"image\":{\"@id\":\"https:\/\/compolatky.cz\/sk\/produkt\/azure\/#primaryimage\"},\"thumbnailUrl\":\"https:\/\/compolatky.cz\/wp-content\/uploads\/2022\/02\/Azure-40a.jpg\",\"datePublished\":\"2022-02-16T12:46:11+00:00\",\"dateModified\":\"2023-02-09T16:44:01+00:00\",\"breadcrumb\":{\"@id\":\"https:\/\/compolatky.cz\/sk\/produkt\/azure\/#breadcrumb\"},\"inLanguage\":\"sk-SK\",\"potentialAction\":[{\"@type\":\"ReadAction\",\"target\":[\"https:\/\/compolatky.cz\/sk\/produkt\/azure\/\"]}]},{\"@type\":\"ImageObject\",\"inLanguage\":\"sk-SK\",\"@id\":\"https:\/\/compolatky.cz\/sk\/produkt\/azure\/#primaryimage\",\"url\":\"https:\/\/compolatky.cz\/wp-content\/uploads\/2022\/02\/Azure-40a.jpg\",\"contentUrl\":\"https:\/\/compolatky.cz\/wp-content\/uploads\/2022\/02\/Azure-40a.jpg\",\"width\":800,\"height\":600},{\"@type\":\"BreadcrumbList\",\"@id\":\"https:\/\/compolatky.cz\/sk\/produkt\/azure\/#breadcrumb\",\"itemListElement\":[{\"@type\":\"ListItem\",\"position\":1,\"name\":\"Shop\",\"item\":\"https:\/\/compolatky.cz\/sk\/shop\/\"},{\"@type\":\"ListItem\",\"position\":2,\"name\":\"Azure\"}]},{\"@type\":\"WebSite\",\"@id\":\"https:\/\/compolatky.cz\/#website\",\"url\":\"https:\/\/compolatky.cz\/\",\"name\":\"Compo L\u00e1tky\",\"description\":\"Velkoobchod s potahov\u00fdmi l\u00e1tkami\",\"potentialAction\":[{\"@type\":\"SearchAction\",\"target\":{\"@type\":\"EntryPoint\",\"urlTemplate\":\"https:\/\/compolatky.cz\/?s={search_term_string}\"},\"query-input\":{\"@type\":\"PropertyValueSpecification\",\"valueRequired\":true,\"valueName\":\"search_term_string\"}}],\"inLanguage\":\"sk-SK\"}]}<\/script>\n<!-- \/ Yoast SEO plugin. -->","yoast_head_json":{"title":"Azure - Compo L\u00e1tky","robots":{"index":"index","follow":"follow","max-snippet":"max-snippet:-1","max-image-preview":"max-image-preview:large","max-video-preview":"max-video-preview:-1"},"canonical":"https:\/\/compolatky.cz\/sk\/produkt\/azure\/","og_locale":"sk_SK","og_type":"article","og_title":"Azure - Compo L\u00e1tky","og_url":"https:\/\/compolatky.cz\/sk\/produkt\/azure\/","og_site_name":"Compo L\u00e1tky","article_modified_time":"2023-02-09T16:44:01+00:00","og_image":[{"width":800,"height":600,"url":"https:\/\/compolatky.cz\/wp-content\/uploads\/2022\/02\/Azure-40a.jpg","type":"image\/jpeg"}],"twitter_card":"summary_large_image","twitter_misc":{"Predpokladan\u00fd \u010das \u010d\u00edtania":"1 min\u00fata"},"schema":{"@context":"https:\/\/schema.org","@graph":[{"@type":"WebPage","@id":"https:\/\/compolatky.cz\/sk\/produkt\/azure\/","url":"https:\/\/compolatky.cz\/sk\/produkt\/azure\/","name":"Azure - Compo L\u00e1tky","isPartOf":{"@id":"https:\/\/compolatky.cz\/#website"},"primaryImageOfPage":{"@id":"https:\/\/compolatky.cz\/sk\/produkt\/azure\/#primaryimage"},"image":{"@id":"https:\/\/compolatky.cz\/sk\/produkt\/azure\/#primaryimage"},"thumbnailUrl":"https:\/\/compolatky.cz\/wp-content\/uploads\/2022\/02\/Azure-40a.jpg","datePublished":"2022-02-16T12:46:11+00:00","dateModified":"2023-02-09T16:44:01+00:00","breadcrumb":{"@id":"https:\/\/compolatky.cz\/sk\/produkt\/azure\/#breadcrumb"},"inLanguage":"sk-SK","potentialAction":[{"@type":"ReadAction","target":["https:\/\/compolatky.cz\/sk\/produkt\/azure\/"]}]},{"@type":"ImageObject","inLanguage":"sk-SK","@id":"https:\/\/compolatky.cz\/sk\/produkt\/azure\/#primaryimage","url":"https:\/\/compolatky.cz\/wp-content\/uploads\/2022\/02\/Azure-40a.jpg","contentUrl":"https:\/\/compolatky.cz\/wp-content\/uploads\/2022\/02\/Azure-40a.jpg","width":800,"height":600},{"@type":"BreadcrumbList","@id":"https:\/\/compolatky.cz\/sk\/produkt\/azure\/#breadcrumb","itemListElement":[{"@type":"ListItem","position":1,"name":"Shop","item":"https:\/\/compolatky.cz\/sk\/shop\/"},{"@type":"ListItem","position":2,"name":"Azure"}]},{"@type":"WebSite","@id":"https:\/\/compolatky.cz\/#website","url":"https:\/\/compolatky.cz\/","name":"Compo L\u00e1tky","description":"Velkoobchod s potahov\u00fdmi l\u00e1tkami","potentialAction":[{"@type":"SearchAction","target":{"@type":"EntryPoint","urlTemplate":"https:\/\/compolatky.cz\/?s={search_term_string}"},"query-input":{"@type":"PropertyValueSpecification","valueRequired":true,"valueName":"search_term_string"}}],"inLanguage":"sk-SK"}]}},"_links":{"self":[{"href":"https:\/\/compolatky.cz\/sk\/wp-json\/wp\/v2\/product\/12252"}],"collection":[{"href":"https:\/\/compolatky.cz\/sk\/wp-json\/wp\/v2\/product"}],"about":[{"href":"https:\/\/compolatky.cz\/sk\/wp-json\/wp\/v2\/types\/product"}],"wp:featuredmedia":[{"embeddable":true,"href":"https:\/\/compolatky.cz\/sk\/wp-json\/wp\/v2\/media\/11797"}],"wp:attachment":[{"href":"https:\/\/compolatky.cz\/sk\/wp-json\/wp\/v2\/media?parent=12252"}],"wp:term":[{"taxonomy":"product_cat","embeddable":true,"href":"https:\/\/compolatky.cz\/sk\/wp-json\/wp\/v2\/product_cat?post=12252"},{"taxonomy":"product_tag","embeddable":true,"href":"https:\/\/compolatky.cz\/sk\/wp-json\/wp\/v2\/product_tag?post=12252"}],"curies":[{"name":"wp","href":"https:\/\/api.w.org\/{rel}","templated":true}]}}