{"id":5480,"date":"2020-09-18T10:20:10","date_gmt":"2020-09-18T08:20:10","guid":{"rendered":"https:\/\/compolatky.cz\/?page_id=5480"},"modified":"2020-09-18T10:20:10","modified_gmt":"2020-09-18T08:20:10","slug":"obchodne-podmienky","status":"publish","type":"page","link":"https:\/\/compolatky.cz\/sk\/obchodne-podmienky\/","title":{"rendered":"Obchodn\u00e9 podmienky"},"content":{"rendered":"<div class=\"fusion-fullwidth fullwidth-box fusion-builder-row-1 nonhundred-percent-fullwidth non-hundred-percent-height-scrolling\" style=\"--awb-border-radius-top-left:0px;--awb-border-radius-top-right:0px;--awb-border-radius-bottom-right:0px;--awb-border-radius-bottom-left:0px;--awb-flex-wrap:wrap;\" ><div class=\"fusion-builder-row fusion-row\"><div class=\"fusion-layout-column fusion_builder_column fusion-builder-column-0 fusion_builder_column_1_1 1_1 fusion-one-full fusion-column-first fusion-column-last\" style=\"--awb-bg-size:cover;--awb-margin-bottom:0px;\"><div class=\"fusion-column-wrapper fusion-flex-column-wrapper-legacy\"><div class=\"fusion-text fusion-text-1\"><div id=\"content-page\">\n<div class=\"line-basic\">\n<div class=\"textcontent\">\n<h1>Obchodn\u00ed podm\u00ednky<\/h1>\n<h4>Obchodn\u00ed podm\u00ednky jsou sou\u010d\u00e1st\u00ed uzav\u0159en\u00e9 kupn\u00ed smlouvy a&nbsp;upravuj\u00ed vztahy mezi prod\u00e1vaj\u00edc\u00edm, na jedn\u00e9 stran\u011b a&nbsp;kupuj\u00edc\u00edm na stran\u011b druh\u00e9. Ve\u0161ker\u00e9 smluvn\u00ed vztahy jsou uzav\u0159eny v&nbsp;souladu s&nbsp;pr\u00e1vn\u00edm \u0159\u00e1dem \u010cesk\u00e9 republiky. Je-li smluvn\u00ed stranou spot\u0159ebitel, \u0159\u00edd\u00ed se vztahy neupraven\u00e9 obchodn\u00edmi podm\u00ednkami z\u00e1konem \u010d.&nbsp;40\/1964 Sb., ob\u010dansk\u00fd z\u00e1kon\u00edk a&nbsp;z\u00e1konem \u010d.&nbsp;634\/1992 Sb., o&nbsp;ochran\u011b spot\u0159ebitele. Je-li smluvn\u00ed stranou nikoli spot\u0159ebitel, \u0159\u00edd\u00ed se vztahy neupraven\u00e9 obchodn\u00edmi podm\u00ednkami z\u00e1konem \u010d.&nbsp;513\/1991 Sb., obchodn\u00ed z\u00e1kon\u00edk, v\u0161e v&nbsp;platn\u00e9m zn\u011bn\u00ed.<\/h4>\n<div>\n<p><b>Jak nakupovat<\/b><br \/>\nPo\u017eadovan\u00e9 zbo\u017e\u00ed vlo\u017e\u00edte do objedn\u00e1vky pomoc\u00ed tla\u010d\u00edtka &#8222;Do ko\u0161\u00edku&#8220;. Po&nbsp;zobrazen\u00ed str\u00e1nky OBJEDN\u00c1VKA pros\u00edm zadejte po\u017eadovan\u00e9 \u00fadaje a&nbsp;sv\u016fj telefon (nutn\u00e1 podm\u00ednka n\u00e1kupu, objedn\u00e1vka bez uveden\u00ed telefonn\u00edho \u010d\u00edsla nebude akceptov\u00e1na) a&nbsp;pokra\u010dujte na dal\u0161\u00ed str\u00e1nku. Zde bude zobrazeno shrnut\u00ed Va\u0161\u00ed objedn\u00e1vky. Kliknut\u00edm na tla\u010d\u00edtko Odeslat objedn\u00e1vku\u00a0ji ode\u0161lete provozovateli internetov\u00e9ho obchodu.<\/p>\n<p><b>Jak zaplatit<\/b><br \/>\nDob\u00edrkou p\u0159i&nbsp;p\u0159evzet\u00ed z\u00e1silky nebo zaplacen\u00edm p\u0159edem na n\u00e1\u0161 \u00fa\u010det. N\u00e1klady na po\u0161tovn\u00e9 a&nbsp;baln\u00e9 \u010din\u00ed 150,- K\u010d. Tato \u010d\u00e1stka bude p\u0159ipo\u010dtena k&nbsp;celkov\u00e9 cen\u011b V\u00e1mi objednan\u00e9ho zbo\u017e\u00ed. Jestli\u017ee nelze doru\u010dit objednan\u00e9 zbo\u017e\u00ed v&nbsp;jedn\u00e9 z\u00e1silce, poplatky za dal\u0161\u00ed z\u00e1silky ji\u017e nehrad\u00edte. Po&nbsp;obdr\u017een\u00ed objedn\u00e1vky V\u00e1s nejpozd\u011bji druh\u00fd pracovn\u00ed den kontaktujeme a&nbsp;potvrd\u00edme ji. Je-li zbo\u017e\u00ed skladem, jsme schopni jej dodat do 3-10 pracovn\u00edch dn\u016f a\u017e k&nbsp;V\u00e1m dom\u016f. Dohodneme term\u00edn a&nbsp;podm\u00ednky dod\u00e1vky. Pokud by V\u00e1m dod\u00e1c\u00ed lh\u016fta nevyhovovala, nebo zbo\u017e\u00ed nebylo dostupn\u00e9, domluv\u00edme s&nbsp;V\u00e1mi dod\u00e1n\u00ed jin\u00e9ho modelu zbo\u017e\u00ed, p\u0159\u00edpadn\u011b zru\u0161en\u00ed Va\u0161\u00ed objedn\u00e1vky.<\/p>\n<p><b>Z\u00e1ruka<\/b><br \/>\nZ\u00e1ru\u010dn\u00ed doba za\u010d\u00edn\u00e1 b\u011b\u017eet p\u0159evzet\u00edm zbo\u017e\u00ed z\u00e1kazn\u00edkem. Jako z\u00e1ru\u010dn\u00ed list slou\u017e\u00ed da\u0148ov\u00fd doklad. Z\u00e1ruka se nevztahuje na b\u011b\u017en\u00e9 opot\u0159eben\u00ed zbo\u017e\u00ed (nebo jeho \u010d\u00e1st\u00ed) zp\u016fsoben\u00e9 pou\u017e\u00edv\u00e1n\u00edm. Krat\u0161\u00ed \u017eivotnost v\u00fdrobku v&nbsp;takov\u00e9m p\u0159\u00edpad\u011b nelze pova\u017eovat za vadu a&nbsp;nelze ji ani jako takovou reklamovat. Z\u00e1kazn\u00edk\u016fm, kte\u0159\u00ed zbo\u017e\u00ed pou\u017e\u00edvaj\u00ed pro \u00fa\u010del podnik\u00e1n\u00ed nebo obchodu s&nbsp;dan\u00fdm v\u00fdrobkem, nen\u00ed z\u00e1ru\u010dn\u00ed doba stanovena ob\u010dansk\u00fdm z\u00e1kon\u00edkem. Z\u00e1ru\u010dn\u00ed doba uveden\u00e1 na na\u0161ich str\u00e1nk\u00e1ch je ur\u010dena pouze pro spot\u0159ebitele, nikoliv pro podnikatele, kte\u0159\u00ed zbo\u017e\u00ed kupuj\u00ed v&nbsp;r\u00e1mci sv\u00e9 podnikatelsk\u00e9 \u010dinnosti (n\u00e1kup na I\u010c). Zbo\u017e\u00ed je dle zde uveden\u00fdch podm\u00ednek mo\u017eno vr\u00e1tit do 14-ti dn\u016f od doru\u010den\u00ed. V&nbsp;p\u0159\u00edpad\u011b, \u017ee je zbo\u017e\u00ed pot\u0159eba poslat zp\u011bt prod\u00e1vaj\u00edc\u00edmu, je z\u00e1kazn\u00edk povinen zbo\u017e\u00ed zabalit do origin\u00e1ln\u00edho obalu. V&nbsp;p\u0159\u00edpad\u011b, \u017ee kupuj\u00edc\u00ed origin\u00e1ln\u00ed obal nem\u00e1, je povinen na vlastn\u00ed n\u00e1klad zajistit obal nov\u00fd, vyhovuj\u00edc\u00ed n\u00e1rok\u016fm p\u0159epravy. Kupuj\u00edc\u00ed bere na v\u011bdom\u00ed, \u017ee v&nbsp;p\u0159\u00edpad\u011b nedostate\u010dn\u011b chr\u00e1n\u011bn\u00e9ho zbo\u017e\u00ed p\u0159i&nbsp;p\u0159eprav\u011b nemus\u00ed b\u00fdt reklamace uzn\u00e1na. V&nbsp;z\u00e1vislosti na druhu vad a&nbsp;na povaze zbo\u017e\u00ed, v&nbsp;souladu s&nbsp;pr\u00e1vn\u00edmi p\u0159edpisy platn\u00fdmi v&nbsp;\u010cR, bude opr\u00e1vn\u011bn\u00e1 reklamace \u0159e\u0161ena v\u00fdm\u011bnou zbo\u017e\u00ed \u010di&nbsp;vr\u00e1cen\u00edm zaplacen\u00e9 kupn\u00ed ceny. P\u0159i&nbsp;zas\u00edl\u00e1n\u00ed zbo\u017e\u00ed zp\u011bt, zabalte pros\u00edm zbo\u017e\u00ed tak, aby nedo\u0161lo p\u0159i&nbsp;p\u0159eprav\u011b k&nbsp;jeho po\u0161kozen\u00ed nebo znehodnocen\u00ed a&nbsp;na p\u0159ibalenou fakturu pros\u00edm napi\u0161te \u010d\u00edslo sv\u00e9ho \u00fa\u010dtu kam chcete aby byly pen\u00edze zasl\u00e1ny. Z\u00e1kazn\u00edk obdr\u017e\u00ed pen\u00edze do max. 30 dn\u016f od doru\u010den\u00ed.<\/p>\n<p><b>Lh\u016fta pro vr\u00e1cen\u00ed zbo\u017e\u00ed<\/b><br \/>\nObjedn\u00e1v\u00e1te-li jako soukrom\u00e1 osoba (nikoli tedy na I\u010c), m\u00e1te pr\u00e1vo nepou\u017eit\u00e9 zbo\u017e\u00ed vr\u00e1tit do 14 dn\u016f od p\u0159evzet\u00ed zbo\u017e\u00ed. Pokud se k&nbsp;tomu rozhodnete, pros\u00edme, kontaktujte n\u00e1s (nejl\u00e9pe e-mailem) a&nbsp;uve\u010fte, \u017ee \u017e\u00e1d\u00e1te o&nbsp;odstoupen\u00ed od smlouvy s&nbsp;uveden\u00edm data n\u00e1kupu, typu zbo\u017e\u00ed a&nbsp;Va\u0161eho \u010d\u00edsla \u00fa\u010dtu \u010di&nbsp;adresou pro vr\u00e1cen\u00ed pen\u011bz. Toto ustanoven\u00ed nelze ch\u00e1pat jako mo\u017enost bezplatn\u00e9ho zap\u016fj\u010den\u00ed zbo\u017e\u00ed.Zbo\u017e\u00ed, kter\u00e9 budete zas\u00edlat zp\u011bt na na\u0161i adresu, mus\u00ed b\u00fdt kompletn\u00ed a&nbsp;ve stavu, v&nbsp;jak\u00e9m jste jej p\u0159evzali p\u0159i&nbsp;dod\u00e1vce. Zbo\u017e\u00ed nesm\u00ed b\u00fdt \u017e\u00e1dn\u00fdm zp\u016fsobem po\u0161kozen\u00e9 \u010di&nbsp;jinak znehodnocen\u00e9 a&nbsp;ani nesm\u00ed n\u00e9st \u017e\u00e1dn\u00e9 zn\u00e1mky jeho pou\u017e\u00edv\u00e1n\u00ed. Ke zbo\u017e\u00ed p\u0159ilo\u017ete doklad o&nbsp;koupi. V\u017edy pros\u00edm pou\u017eijte bal\u00edc\u00edho pap\u00edru nebo kartonu, tak aby nemohlo b\u011bhem p\u0159epravy doj\u00edt k&nbsp;polepen\u00ed, pops\u00e1n\u00ed \u010di&nbsp;jin\u00e9mu znehodnocen\u00ed p\u016fvodn\u00edch obal\u016f. Nepos\u00edlejte zbo\u017e\u00ed na dob\u00edrku, doporu\u010dujeme V\u00e1m zbo\u017e\u00ed pojistit. Pen\u00edze V\u00e1m budou vr\u00e1ceny do 14-ti kalend\u00e1\u0159n\u00edch dn\u016f po&nbsp;doru\u010den\u00ed zbo\u017e\u00ed na na\u0161i adresu. Po\u0161tovn\u00e9 a&nbsp;baln\u00e9 nevrac\u00edme.<\/p>\n<p><b>Uji\u0161t\u011bn\u00ed o&nbsp;vyd\u00e1n\u00ed prohl\u00e1\u0161en\u00ed o&nbsp;shod\u011b<\/b><br \/>\nNa ve\u0161ker\u00e9 nab\u00edzen\u00e9 zbo\u017e\u00ed vyd\u00e1no &#8222;prohl\u00e1\u0161en\u00ed o&nbsp;shod\u011b&#8220; dle \u00a7 13 odst. 5 z\u00e1k. 22\/1997 Sb., ve zn\u011bn\u00ed pozd\u011bj\u0161\u00edch p\u0159edpis\u016f.<\/p>\n<\/div>\n<\/div>\n<\/div>\n<\/div>\n<\/div><div class=\"fusion-clearfix\"><\/div><\/div><\/div><\/div><\/div>\n","protected":false},"excerpt":{"rendered":"","protected":false},"author":1,"featured_media":0,"parent":0,"menu_order":0,"comment_status":"closed","ping_status":"closed","template":"","meta":{"_acf_changed":false,"footnotes":""},"class_list":["post-5480","page","type-page","status-publish","hentry"],"acf":[],"yoast_head":"<!-- This site is optimized with the Yoast SEO plugin v23.4 - https:\/\/yoast.com\/wordpress\/plugins\/seo\/ -->\n<title>Obchodn\u00e9 podmienky - Compo L\u00e1tky<\/title>\n<meta name=\"robots\" content=\"index, follow, max-snippet:-1, max-image-preview:large, max-video-preview:-1\" \/>\n<link rel=\"canonical\" href=\"https:\/\/compolatky.cz\/obchodni-podminky\/\" \/>\n<meta property=\"og:locale\" content=\"sk_SK\" \/>\n<meta property=\"og:type\" content=\"article\" \/>\n<meta property=\"og:title\" content=\"Obchodn\u00e9 podmienky - Compo L\u00e1tky\" \/>\n<meta property=\"og:url\" content=\"https:\/\/compolatky.cz\/obchodni-podminky\/\" \/>\n<meta property=\"og:site_name\" content=\"Compo L\u00e1tky\" \/>\n<meta name=\"twitter:card\" content=\"summary_large_image\" \/>\n<meta name=\"twitter:label1\" content=\"Predpokladan\u00fd \u010das \u010d\u00edtania\" \/>\n\t<meta name=\"twitter:data1\" content=\"5 min\u00fat\" \/>\n<script type=\"application\/ld+json\" class=\"yoast-schema-graph\">{\"@context\":\"https:\/\/schema.org\",\"@graph\":[{\"@type\":\"WebPage\",\"@id\":\"https:\/\/compolatky.cz\/obchodni-podminky\/\",\"url\":\"https:\/\/compolatky.cz\/obchodni-podminky\/\",\"name\":\"Obchodn\u00e9 podmienky - Compo L\u00e1tky\",\"isPartOf\":{\"@id\":\"https:\/\/compolatky.cz\/#website\"},\"datePublished\":\"2020-09-18T08:20:10+00:00\",\"dateModified\":\"2020-09-18T08:20:10+00:00\",\"inLanguage\":\"sk-SK\",\"potentialAction\":[{\"@type\":\"ReadAction\",\"target\":[\"https:\/\/compolatky.cz\/obchodni-podminky\/\"]}]},{\"@type\":\"WebSite\",\"@id\":\"https:\/\/compolatky.cz\/#website\",\"url\":\"https:\/\/compolatky.cz\/\",\"name\":\"Compo L\u00e1tky\",\"description\":\"Velkoobchod s potahov\u00fdmi l\u00e1tkami\",\"potentialAction\":[{\"@type\":\"SearchAction\",\"target\":{\"@type\":\"EntryPoint\",\"urlTemplate\":\"https:\/\/compolatky.cz\/?s={search_term_string}\"},\"query-input\":{\"@type\":\"PropertyValueSpecification\",\"valueRequired\":true,\"valueName\":\"search_term_string\"}}],\"inLanguage\":\"sk-SK\"}]}<\/script>\n<!-- \/ Yoast SEO plugin. -->","yoast_head_json":{"title":"Obchodn\u00e9 podmienky - Compo L\u00e1tky","robots":{"index":"index","follow":"follow","max-snippet":"max-snippet:-1","max-image-preview":"max-image-preview:large","max-video-preview":"max-video-preview:-1"},"canonical":"https:\/\/compolatky.cz\/obchodni-podminky\/","og_locale":"sk_SK","og_type":"article","og_title":"Obchodn\u00e9 podmienky - Compo L\u00e1tky","og_url":"https:\/\/compolatky.cz\/obchodni-podminky\/","og_site_name":"Compo L\u00e1tky","twitter_card":"summary_large_image","twitter_misc":{"Predpokladan\u00fd \u010das \u010d\u00edtania":"5 min\u00fat"},"schema":{"@context":"https:\/\/schema.org","@graph":[{"@type":"WebPage","@id":"https:\/\/compolatky.cz\/obchodni-podminky\/","url":"https:\/\/compolatky.cz\/obchodni-podminky\/","name":"Obchodn\u00e9 podmienky - Compo L\u00e1tky","isPartOf":{"@id":"https:\/\/compolatky.cz\/#website"},"datePublished":"2020-09-18T08:20:10+00:00","dateModified":"2020-09-18T08:20:10+00:00","inLanguage":"sk-SK","potentialAction":[{"@type":"ReadAction","target":["https:\/\/compolatky.cz\/obchodni-podminky\/"]}]},{"@type":"WebSite","@id":"https:\/\/compolatky.cz\/#website","url":"https:\/\/compolatky.cz\/","name":"Compo L\u00e1tky","description":"Velkoobchod s potahov\u00fdmi l\u00e1tkami","potentialAction":[{"@type":"SearchAction","target":{"@type":"EntryPoint","urlTemplate":"https:\/\/compolatky.cz\/?s={search_term_string}"},"query-input":{"@type":"PropertyValueSpecification","valueRequired":true,"valueName":"search_term_string"}}],"inLanguage":"sk-SK"}]}},"_links":{"self":[{"href":"https:\/\/compolatky.cz\/sk\/wp-json\/wp\/v2\/pages\/5480"}],"collection":[{"href":"https:\/\/compolatky.cz\/sk\/wp-json\/wp\/v2\/pages"}],"about":[{"href":"https:\/\/compolatky.cz\/sk\/wp-json\/wp\/v2\/types\/page"}],"author":[{"embeddable":true,"href":"https:\/\/compolatky.cz\/sk\/wp-json\/wp\/v2\/users\/1"}],"replies":[{"embeddable":true,"href":"https:\/\/compolatky.cz\/sk\/wp-json\/wp\/v2\/comments?post=5480"}],"version-history":[{"count":1,"href":"https:\/\/compolatky.cz\/sk\/wp-json\/wp\/v2\/pages\/5480\/revisions"}],"predecessor-version":[{"id":5481,"href":"https:\/\/compolatky.cz\/sk\/wp-json\/wp\/v2\/pages\/5480\/revisions\/5481"}],"wp:attachment":[{"href":"https:\/\/compolatky.cz\/sk\/wp-json\/wp\/v2\/media?parent=5480"}],"curies":[{"name":"wp","href":"https:\/\/api.w.org\/{rel}","templated":true}]}}