{"id":5451,"date":"2020-09-18T09:44:15","date_gmt":"2020-09-18T07:44:15","guid":{"rendered":"https:\/\/compolatky.cz\/?page_id=5451"},"modified":"2020-09-18T09:44:15","modified_gmt":"2020-09-18T07:44:15","slug":"katalogy","status":"publish","type":"page","link":"https:\/\/compolatky.cz\/sk\/katalogy\/","title":{"rendered":"Katal\u00f3gy"},"content":{"rendered":"<div class=\"fusion-fullwidth fullwidth-box fusion-builder-row-1 nonhundred-percent-fullwidth non-hundred-percent-height-scrolling\" style=\"--awb-border-radius-top-left:0px;--awb-border-radius-top-right:0px;--awb-border-radius-bottom-right:0px;--awb-border-radius-bottom-left:0px;--awb-flex-wrap:wrap;\" ><div class=\"fusion-builder-row fusion-row\"><div class=\"fusion-layout-column fusion_builder_column fusion-builder-column-0 fusion_builder_column_1_1 1_1 fusion-one-full fusion-column-first fusion-column-last\" style=\"--awb-bg-size:cover;\"><div class=\"fusion-column-wrapper fusion-flex-column-wrapper-legacy\"><div class=\"fusion-title title fusion-title-1 fusion-sep-none fusion-title-text fusion-title-size-one\" style=\"--awb-margin-bottom:0px;\"><h1 class=\"fusion-title-heading title-heading-left fusion-responsive-typography-calculated\" style=\"margin:0;--fontSize:42;line-height:1.4;\"><span style=\"color: #808080;\">Katal\u00f3gy<\/span><\/h1><\/div><div class=\"fusion-sep-clear\"><\/div><div class=\"fusion-separator fusion-clearfix\" style=\"float:left;margin-top:20px;margin-bottom:20px;width:100%;max-width:80px;\"><div class=\"fusion-separator-border sep-single sep-solid\" style=\"--awb-height:20px;--awb-amount:20px;--awb-sep-color:#e31e24;border-color:#e31e24;border-top-width:3px;\"><\/div><\/div><div class=\"fusion-sep-clear\"><\/div><div class=\"fusion-clearfix\"><\/div><\/div><\/div><div class=\"fusion-layout-column fusion_builder_column fusion-builder-column-1 fusion_builder_column_1_1 1_1 fusion-one-full fusion-column-first fusion-column-last\" style=\"--awb-bg-size:cover;\"><div class=\"fusion-column-wrapper fusion-flex-column-wrapper-legacy\"><div class=\"fusion-blog-shortcode fusion-blog-shortcode-1 fusion-blog-archive fusion-blog-layout-grid-wrapper fusion-blog-infinite\"><style type=\"text\/css\">.fusion-blog-shortcode-1 .fusion-blog-layout-grid .fusion-post-grid{padding:20px;}.fusion-blog-shortcode-1 .fusion-posts-container{margin-left: -20px !important; margin-right:-20px !important;}<\/style><div class=\"fusion-posts-container fusion-posts-container-infinite fusion-no-meta-info fusion-blog-layout-grid fusion-blog-layout-grid-3 isotope fusion-blog-equal-heights\" data-pages=\"1\" data-grid-col-space=\"40\" style=\"margin: -20px -20px 0;min-height:500px;\"><article id=\"blog-1-post-11707\" class=\"fusion-post-grid post-11707 post type-post status-publish format-standard has-post-thumbnail hentry category-katalog-sk\">\n<div class=\"fusion-post-wrapper\" style=\"background-color:rgba(255,255,255,0);border:1px solid #ebeaea;border-bottom-width:3px;\">\n\n\t\t\t<div class=\"fusion-flexslider flexslider fusion-flexslider-loading fusion-post-slideshow\" style=\"border-color:#ebeaea;\">\n\t\t<ul class=\"slides\">\n\t\t\t\n\t\t\t\t\t\t\t\t\t\t\t\t\t\t<li><div  class=\"fusion-image-wrapper\" aria-haspopup=\"true\">\n\t\t\t\t\t\t\t<a href=\"https:\/\/compolatky.cz\/sk\/kolekce-azure\/\" aria-label=\"Kolekcia AZURE\">\n\t\t\t\t\t\t\t<img decoding=\"async\" width=\"3579\" height=\"2684\" src=\"https:\/\/compolatky.cz\/wp-content\/uploads\/2021\/11\/AZURE-FIN-0-HR-4x3.jpg\" class=\"attachment-full size-full wp-post-image wp-post-image\" alt=\"\" srcset=\"https:\/\/compolatky.cz\/wp-content\/uploads\/2021\/11\/AZURE-FIN-0-HR-4x3-200x150.jpg 200w, https:\/\/compolatky.cz\/wp-content\/uploads\/2021\/11\/AZURE-FIN-0-HR-4x3-400x300.jpg 400w, https:\/\/compolatky.cz\/wp-content\/uploads\/2021\/11\/AZURE-FIN-0-HR-4x3-600x450.jpg 600w, https:\/\/compolatky.cz\/wp-content\/uploads\/2021\/11\/AZURE-FIN-0-HR-4x3-800x600.jpg 800w, https:\/\/compolatky.cz\/wp-content\/uploads\/2021\/11\/AZURE-FIN-0-HR-4x3-1200x900.jpg 1200w\" sizes=\"(min-width: 2200px) 100vw, (min-width: 784px) 340px, (min-width: 712px) 510px, (min-width: 640px) 712px, \" \/>\t\t\t<\/a>\n\t\t\t\t\t\t\t<\/div>\n<\/li>\n\t\t\t\n\t\t\t\n\t\t\t\t\t\t\t\t\t\t\t\t\t\t\t\t\t\t\t\t\t\t\t\t\t\t\t\t\t\t\t\t\t\t\t\t\t\t\t\t\t\t\t\t\t\t\t\t\t\t\t\t\t\t\t\t\t\t\t\t\t\t\t\t\t\t\t\t<\/ul>\n\t<\/div>\n\t<div class=\"fusion-post-content-wrapper\" style=\"padding:30px 25px 20px 25px;\"><div class=\"fusion-post-content post-content\"><h2 class=\"blog-shortcode-post-title entry-title\"><a href=\"https:\/\/compolatky.cz\/sk\/kolekce-azure\/\">Kolekcia AZURE<\/a><\/h2><div class=\"fusion-post-content-container\"><p>[\u2026]<\/p>\n<\/div><\/div><\/div><div class=\"fusion-clearfix\"><\/div><\/div>\n<\/article>\n<article id=\"blog-1-post-11180\" class=\"fusion-post-grid post-11180 post type-post status-publish format-standard has-post-thumbnail hentry category-katalog-sk\">\n<div class=\"fusion-post-wrapper\" style=\"background-color:rgba(255,255,255,0);border:1px solid #ebeaea;border-bottom-width:3px;\">\n\n\t\t\t<div class=\"fusion-flexslider flexslider fusion-flexslider-loading fusion-post-slideshow\" style=\"border-color:#ebeaea;\">\n\t\t<ul class=\"slides\">\n\t\t\t\n\t\t\t\t\t\t\t\t\t\t\t\t\t\t<li><div  class=\"fusion-image-wrapper\" aria-haspopup=\"true\">\n\t\t\t\t\t\t\t<a href=\"https:\/\/compolatky.cz\/sk\/katalog-evoke\/\" aria-label=\"Kolekcia EVOKE\">\n\t\t\t\t\t\t\t<img decoding=\"async\" width=\"2996\" height=\"2247\" src=\"https:\/\/compolatky.cz\/wp-content\/uploads\/2021\/07\/Evoke-90-000-4x3.jpg\" class=\"attachment-full size-full wp-post-image wp-post-image\" alt=\"\" srcset=\"https:\/\/compolatky.cz\/wp-content\/uploads\/2021\/07\/Evoke-90-000-4x3-200x150.jpg 200w, https:\/\/compolatky.cz\/wp-content\/uploads\/2021\/07\/Evoke-90-000-4x3-400x300.jpg 400w, https:\/\/compolatky.cz\/wp-content\/uploads\/2021\/07\/Evoke-90-000-4x3-600x450.jpg 600w, https:\/\/compolatky.cz\/wp-content\/uploads\/2021\/07\/Evoke-90-000-4x3-800x600.jpg 800w, https:\/\/compolatky.cz\/wp-content\/uploads\/2021\/07\/Evoke-90-000-4x3-1200x900.jpg 1200w\" sizes=\"(min-width: 2200px) 100vw, (min-width: 784px) 340px, (min-width: 712px) 510px, (min-width: 640px) 712px, \" \/>\t\t\t<\/a>\n\t\t\t\t\t\t\t<\/div>\n<\/li>\n\t\t\t\n\t\t\t\n\t\t\t\t\t\t\t\t\t\t\t\t\t\t\t\t\t\t\t\t\t\t\t\t\t\t\t\t\t\t\t\t\t\t\t\t\t\t\t\t\t\t\t\t\t\t\t\t\t\t\t\t\t\t\t\t\t\t\t\t\t\t\t\t\t\t\t\t<\/ul>\n\t<\/div>\n\t<div class=\"fusion-post-content-wrapper\" style=\"padding:30px 25px 20px 25px;\"><div class=\"fusion-post-content post-content\"><h2 class=\"blog-shortcode-post-title entry-title\"><a href=\"https:\/\/compolatky.cz\/sk\/katalog-evoke\/\">Kolekcia EVOKE<\/a><\/h2><div class=\"fusion-post-content-container\"><p>[\u2026]<\/p>\n<\/div><\/div><\/div><div class=\"fusion-clearfix\"><\/div><\/div>\n<\/article>\n<article id=\"blog-1-post-11149\" class=\"fusion-post-grid post-11149 post type-post status-publish format-standard has-post-thumbnail hentry category-katalog-sk\">\n<div class=\"fusion-post-wrapper\" style=\"background-color:rgba(255,255,255,0);border:1px solid #ebeaea;border-bottom-width:3px;\">\n\n\t\t\t<div class=\"fusion-flexslider flexslider fusion-flexslider-loading fusion-post-slideshow\" style=\"border-color:#ebeaea;\">\n\t\t<ul class=\"slides\">\n\t\t\t\n\t\t\t\t\t\t\t\t\t\t\t\t\t\t<li><div  class=\"fusion-image-wrapper\" aria-haspopup=\"true\">\n\t\t\t\t\t\t\t<a href=\"https:\/\/compolatky.cz\/sk\/katalog-queen\/\" aria-label=\"Kolekcia QUEEN\">\n\t\t\t\t\t\t\t<img decoding=\"async\" width=\"4000\" height=\"3000\" src=\"https:\/\/compolatky.cz\/wp-content\/uploads\/2021\/07\/QUEEN-GL-90.jpg\" class=\"attachment-full size-full wp-post-image wp-post-image\" alt=\"\" srcset=\"https:\/\/compolatky.cz\/wp-content\/uploads\/2021\/07\/QUEEN-GL-90-200x150.jpg 200w, https:\/\/compolatky.cz\/wp-content\/uploads\/2021\/07\/QUEEN-GL-90-400x300.jpg 400w, https:\/\/compolatky.cz\/wp-content\/uploads\/2021\/07\/QUEEN-GL-90-600x450.jpg 600w, https:\/\/compolatky.cz\/wp-content\/uploads\/2021\/07\/QUEEN-GL-90-800x600.jpg 800w, https:\/\/compolatky.cz\/wp-content\/uploads\/2021\/07\/QUEEN-GL-90-1200x900.jpg 1200w, https:\/\/compolatky.cz\/wp-content\/uploads\/2021\/07\/QUEEN-GL-90.jpg 4000w\" sizes=\"(min-width: 2200px) 100vw, (min-width: 784px) 340px, (min-width: 712px) 510px, (min-width: 640px) 712px, \" \/>\t\t\t<\/a>\n\t\t\t\t\t\t\t<\/div>\n<\/li>\n\t\t\t\n\t\t\t\n\t\t\t\t\t\t\t\t\t\t\t\t\t\t\t\t\t\t\t\t\t\t\t\t\t\t\t\t\t\t\t\t\t\t\t\t\t\t\t\t\t\t\t\t\t\t\t\t\t\t\t\t\t\t\t\t\t\t\t\t\t\t\t\t\t\t\t\t<\/ul>\n\t<\/div>\n\t<div class=\"fusion-post-content-wrapper\" style=\"padding:30px 25px 20px 25px;\"><div class=\"fusion-post-content post-content\"><h2 class=\"blog-shortcode-post-title entry-title\"><a href=\"https:\/\/compolatky.cz\/sk\/katalog-queen\/\">Kolekcia QUEEN<\/a><\/h2><div class=\"fusion-post-content-container\"><\/div><\/div><\/div><div class=\"fusion-clearfix\"><\/div><\/div>\n<\/article>\n<div class=\"fusion-clearfix\"><\/div><\/div><\/div><div class=\"fusion-clearfix\"><\/div><\/div><\/div><\/div><\/div>\n","protected":false},"excerpt":{"rendered":"","protected":false},"author":1,"featured_media":0,"parent":0,"menu_order":0,"comment_status":"closed","ping_status":"closed","template":"","meta":{"_acf_changed":false,"footnotes":""},"class_list":["post-5451","page","type-page","status-publish","hentry"],"acf":[],"yoast_head":"<!-- This site is optimized with the Yoast SEO plugin v23.4 - https:\/\/yoast.com\/wordpress\/plugins\/seo\/ -->\n<title>Katal\u00f3gy - Compo L\u00e1tky<\/title>\n<meta name=\"robots\" content=\"index, follow, max-snippet:-1, max-image-preview:large, max-video-preview:-1\" \/>\n<link rel=\"canonical\" href=\"https:\/\/compolatky.cz\/katalogy\/\" \/>\n<meta property=\"og:locale\" content=\"sk_SK\" \/>\n<meta property=\"og:type\" content=\"article\" \/>\n<meta property=\"og:title\" content=\"Katal\u00f3gy - Compo L\u00e1tky\" \/>\n<meta property=\"og:url\" content=\"https:\/\/compolatky.cz\/katalogy\/\" \/>\n<meta property=\"og:site_name\" content=\"Compo L\u00e1tky\" \/>\n<meta name=\"twitter:card\" content=\"summary_large_image\" \/>\n<meta name=\"twitter:label1\" content=\"Predpokladan\u00fd \u010das \u010d\u00edtania\" \/>\n\t<meta name=\"twitter:data1\" content=\"2 min\u00faty\" \/>\n<script type=\"application\/ld+json\" class=\"yoast-schema-graph\">{\"@context\":\"https:\/\/schema.org\",\"@graph\":[{\"@type\":\"WebPage\",\"@id\":\"https:\/\/compolatky.cz\/katalogy\/\",\"url\":\"https:\/\/compolatky.cz\/katalogy\/\",\"name\":\"Katal\u00f3gy - Compo L\u00e1tky\",\"isPartOf\":{\"@id\":\"https:\/\/compolatky.cz\/#website\"},\"datePublished\":\"2020-09-18T07:44:15+00:00\",\"dateModified\":\"2020-09-18T07:44:15+00:00\",\"inLanguage\":\"sk-SK\",\"potentialAction\":[{\"@type\":\"ReadAction\",\"target\":[\"https:\/\/compolatky.cz\/katalogy\/\"]}]},{\"@type\":\"WebSite\",\"@id\":\"https:\/\/compolatky.cz\/#website\",\"url\":\"https:\/\/compolatky.cz\/\",\"name\":\"Compo L\u00e1tky\",\"description\":\"Velkoobchod s potahov\u00fdmi l\u00e1tkami\",\"potentialAction\":[{\"@type\":\"SearchAction\",\"target\":{\"@type\":\"EntryPoint\",\"urlTemplate\":\"https:\/\/compolatky.cz\/?s={search_term_string}\"},\"query-input\":{\"@type\":\"PropertyValueSpecification\",\"valueRequired\":true,\"valueName\":\"search_term_string\"}}],\"inLanguage\":\"sk-SK\"}]}<\/script>\n<!-- \/ Yoast SEO plugin. -->","yoast_head_json":{"title":"Katal\u00f3gy - Compo L\u00e1tky","robots":{"index":"index","follow":"follow","max-snippet":"max-snippet:-1","max-image-preview":"max-image-preview:large","max-video-preview":"max-video-preview:-1"},"canonical":"https:\/\/compolatky.cz\/katalogy\/","og_locale":"sk_SK","og_type":"article","og_title":"Katal\u00f3gy - Compo L\u00e1tky","og_url":"https:\/\/compolatky.cz\/katalogy\/","og_site_name":"Compo L\u00e1tky","twitter_card":"summary_large_image","twitter_misc":{"Predpokladan\u00fd \u010das \u010d\u00edtania":"2 min\u00faty"},"schema":{"@context":"https:\/\/schema.org","@graph":[{"@type":"WebPage","@id":"https:\/\/compolatky.cz\/katalogy\/","url":"https:\/\/compolatky.cz\/katalogy\/","name":"Katal\u00f3gy - Compo L\u00e1tky","isPartOf":{"@id":"https:\/\/compolatky.cz\/#website"},"datePublished":"2020-09-18T07:44:15+00:00","dateModified":"2020-09-18T07:44:15+00:00","inLanguage":"sk-SK","potentialAction":[{"@type":"ReadAction","target":["https:\/\/compolatky.cz\/katalogy\/"]}]},{"@type":"WebSite","@id":"https:\/\/compolatky.cz\/#website","url":"https:\/\/compolatky.cz\/","name":"Compo L\u00e1tky","description":"Velkoobchod s potahov\u00fdmi l\u00e1tkami","potentialAction":[{"@type":"SearchAction","target":{"@type":"EntryPoint","urlTemplate":"https:\/\/compolatky.cz\/?s={search_term_string}"},"query-input":{"@type":"PropertyValueSpecification","valueRequired":true,"valueName":"search_term_string"}}],"inLanguage":"sk-SK"}]}},"_links":{"self":[{"href":"https:\/\/compolatky.cz\/sk\/wp-json\/wp\/v2\/pages\/5451"}],"collection":[{"href":"https:\/\/compolatky.cz\/sk\/wp-json\/wp\/v2\/pages"}],"about":[{"href":"https:\/\/compolatky.cz\/sk\/wp-json\/wp\/v2\/types\/page"}],"author":[{"embeddable":true,"href":"https:\/\/compolatky.cz\/sk\/wp-json\/wp\/v2\/users\/1"}],"replies":[{"embeddable":true,"href":"https:\/\/compolatky.cz\/sk\/wp-json\/wp\/v2\/comments?post=5451"}],"version-history":[{"count":1,"href":"https:\/\/compolatky.cz\/sk\/wp-json\/wp\/v2\/pages\/5451\/revisions"}],"predecessor-version":[{"id":5459,"href":"https:\/\/compolatky.cz\/sk\/wp-json\/wp\/v2\/pages\/5451\/revisions\/5459"}],"wp:attachment":[{"href":"https:\/\/compolatky.cz\/sk\/wp-json\/wp\/v2\/media?parent=5451"}],"curies":[{"name":"wp","href":"https:\/\/api.w.org\/{rel}","templated":true}]}}