{"id":5449,"date":"2020-09-18T09:40:08","date_gmt":"2020-09-18T07:40:08","guid":{"rendered":"https:\/\/compolatky.cz\/?page_id=5449"},"modified":"2022-03-15T14:32:50","modified_gmt":"2022-03-15T13:32:50","slug":"udrzba-potahovych-latok-a-kozeniek","status":"publish","type":"page","link":"https:\/\/compolatky.cz\/sk\/udrzba-potahovych-latok-a-kozeniek\/","title":{"rendered":"\u00dadr\u017eba po\u0165ahov\u00fdch l\u00e1tok a\u00a0ko\u017eeniek"},"content":{"rendered":"<p><div class=\"fusion-fullwidth fullwidth-box fusion-builder-row-1 nonhundred-percent-fullwidth non-hundred-percent-height-scrolling\" style=\"--awb-border-radius-top-left:0px;--awb-border-radius-top-right:0px;--awb-border-radius-bottom-right:0px;--awb-border-radius-bottom-left:0px;--awb-padding-top:60px;--awb-padding-bottom:40px;--awb-background-color:rgba(255,255,255,0);--awb-flex-wrap:wrap;\" ><div class=\"fusion-builder-row fusion-row\"><div class=\"fusion-layout-column fusion_builder_column fusion-builder-column-0 fusion_builder_column_1_1 1_1 fusion-one-full fusion-column-first fusion-column-last\" style=\"--awb-bg-size:cover;\"><div class=\"fusion-column-wrapper fusion-flex-column-wrapper-legacy\"><div class=\"fusion-title title fusion-title-1 fusion-sep-none fusion-title-text fusion-title-size-one\"><h1 class=\"fusion-title-heading title-heading-left fusion-responsive-typography-calculated\" style=\"margin:0;--fontSize:42;line-height:1.4;\"><span style=\"color: #808080;\"><span class=\"VIiyi\" lang=\"sk\"><span class=\"JLqJ4b ChMk0b\" data-language-for-alternatives=\"sk\" data-language-to-translate-into=\"cs\" data-phrase-index=\"0\" data-number-of-phrases=\"1\">\u00dadr\u017eba po\u0165ahov\u00fdch l\u00e1tok a&nbsp;ko\u017eeniek<\/span><\/span> <\/span><\/h1><\/div><div class=\"fusion-clearfix\"><\/div><\/div><\/div><div class=\"fusion-layout-column fusion_builder_column fusion-builder-column-1 fusion_builder_column_1_1 1_1 fusion-one-full fusion-column-first fusion-column-last\" style=\"--awb-bg-size:cover;\"><div class=\"fusion-column-wrapper fusion-flex-column-wrapper-legacy\"><div class=\"fusion-text fusion-text-1\"><p><span style=\"color: #808080;\"><strong>\u2022 Nepou\u017e\u00edvajte chemick\u00e9 rozp\u00fa\u0161\u0165adl\u00e1. <\/strong><strong>\u2022 Neskor\u00e9 odstra\u0148ovanie ne\u010dist\u00f4t zni\u017euje \u00faspe\u0161nos\u0165 \u010distenia. <\/strong><\/span><b><\/b><span style=\"color: #808080;\"><strong>\u2022 <\/strong><b>Po\u0165ahov\u00e9 l\u00e1tky ani ko\u017eenky nevystavujte priamemu slne\u010dn\u00e9mu \u017eiareniu.<\/b><\/span><b><\/b><\/p>\n<\/div><div class=\"fusion-clearfix\"><\/div><\/div><\/div><div class=\"fusion-layout-column fusion_builder_column fusion-builder-column-2 fusion_builder_column_1_2 1_2 fusion-one-half fusion-column-first\" style=\"--awb-padding-top:20px;--awb-bg-size:cover;--awb-margin-bottom:50px;width:50%;width:calc(50% - ( ( 4% ) * 0.5 ) );margin-right: 4%;\"><div class=\"fusion-column-wrapper fusion-flex-column-wrapper-legacy\"><div class=\"fusion-title title fusion-title-2 fusion-sep-none fusion-title-text fusion-title-size-two\" style=\"--awb-margin-bottom:0px;\"><h2 class=\"fusion-title-heading title-heading-left fusion-responsive-typography-calculated\" style=\"margin:0;--fontSize:38;line-height:1.5;\"><span style=\"color: #808080;\">Po\u0165ahov\u00e9 l\u00e1tky<\/span><\/h2><\/div><div class=\"fusion-sep-clear\"><\/div><div class=\"fusion-separator fusion-clearfix\" style=\"float:left;margin-top:20px;margin-bottom:20px;width:100%;max-width:80px;\"><div class=\"fusion-separator-border sep-single sep-solid\" style=\"--awb-height:20px;--awb-amount:20px;--awb-sep-color:#e31e24;border-color:#e31e24;border-top-width:3px;\"><\/div><\/div><div class=\"fusion-sep-clear\"><\/div><div class=\"fusion-text fusion-text-2\"><p>\u010cistite v\u00fdhradne <strong>\u0161amp\u00f3novan\u00edm be\u017en\u00fdmi \u010distiacimi prostriedkami<\/strong>, za pou\u017eitia m\u00e4kk\u00e9ho materi\u00e1lu (\u0161pongia, utierka). Nikdy nepou\u017e\u00edvajte hrub\u00e9 materi\u00e1ly (kefa a\u00a0pod.). L\u00e1tky je tie\u017e vhodn\u00e9 pravidelne \u010disti\u0165 pomocou <strong>vys\u00e1va\u010da<\/strong> nastaven\u00e9ho na slab\u00fd v\u00fdkon, s\u00a0pou\u017eit\u00edm <strong>n\u00e1dstavca na \u010distenie n\u00e1bytku<\/strong> s\u00a0m\u00e4kk\u00fdmi \u0161tetinami.<\/p>\n<\/div><div class=\"fusion-clearfix\"><\/div><\/div><\/div><div class=\"fusion-layout-column fusion_builder_column fusion-builder-column-3 fusion_builder_column_1_2 1_2 fusion-one-half fusion-column-last\" style=\"--awb-padding-top:20px;--awb-bg-size:cover;--awb-margin-bottom:50px;width:50%;width:calc(50% - ( ( 4% ) * 0.5 ) );\"><div class=\"fusion-column-wrapper fusion-flex-column-wrapper-legacy\"><div class=\"fusion-title title fusion-title-3 fusion-sep-none fusion-title-text fusion-title-size-two\" style=\"--awb-margin-bottom:0px;\"><h2 class=\"fusion-title-heading title-heading-left fusion-responsive-typography-calculated\" style=\"margin:0;--fontSize:38;line-height:1.5;\"><span style=\"color: #808080;\">Ko\u017eenky<\/span><\/h2><\/div><div class=\"fusion-sep-clear\"><\/div><div class=\"fusion-separator fusion-clearfix\" style=\"float:left;margin-top:20px;margin-bottom:20px;width:100%;max-width:80px;\"><div class=\"fusion-separator-border sep-single sep-solid\" style=\"--awb-height:20px;--awb-amount:20px;--awb-sep-color:#e31e24;border-color:#e31e24;border-top-width:3px;\"><\/div><\/div><div class=\"fusion-sep-clear\"><\/div><div class=\"fusion-text fusion-text-3\"><p>\u0160kvrny \u010distite <strong>vlhkou utierkou<\/strong> namo\u010denou v\u00a0<strong>neutr\u00e1lnom mydlovom roztoku<\/strong>. T\u00fdmto sp\u00f4sobom odstr\u00e1nite v\u00e4\u010d\u0161inu be\u017en\u00fdch neagres\u00edvnych ne\u010dist\u00f4t, bez toho, aby na ko\u017eenke zost\u00e1vali vidite\u013en\u00e9 stopy po\u00a0\u010disten\u00ed.<\/p>\n<\/div><div class=\"fusion-clearfix\"><\/div><\/div><\/div><div class=\"fusion-layout-column fusion_builder_column fusion-builder-column-4 fusion_builder_column_1_1 1_1 fusion-one-full fusion-column-first fusion-column-last\" style=\"--awb-padding-top:20px;--awb-bg-size:cover;--awb-margin-bottom:50px;\"><div class=\"fusion-column-wrapper fusion-flex-column-wrapper-legacy\"><div class=\"fusion-title title fusion-title-4 fusion-sep-none fusion-title-text fusion-title-size-two\" style=\"--awb-margin-bottom:0px;\"><h2 class=\"fusion-title-heading title-heading-left fusion-responsive-typography-calculated\" style=\"margin:0;--fontSize:38;line-height:1.5;\"><span style=\"color: #808080;\"><span class=\"VIiyi\" lang=\"sk\"><span class=\"JLqJ4b ChMk0b\" data-language-for-alternatives=\"sk\" data-language-to-translate-into=\"cs\" data-phrase-index=\"0\" data-number-of-phrases=\"1\">Po\u0165ahov\u00e9 l\u00e1tky s&nbsp;ne\u0161pinivou \u00fapravou<\/span><\/span> <\/span><\/h2><\/div><div class=\"fusion-sep-clear\"><\/div><div class=\"fusion-separator fusion-clearfix\" style=\"float:left;margin-top:20px;margin-bottom:20px;width:100%;max-width:80px;\"><div class=\"fusion-separator-border sep-single sep-solid\" style=\"--awb-height:20px;--awb-amount:20px;--awb-sep-color:#e31e24;border-color:#e31e24;border-top-width:3px;\"><\/div><\/div><div class=\"fusion-sep-clear\"><\/div><div class=\"fusion-text fusion-text-4\"><p>Tekut\u00e9 ne\u010distoty odsajte <strong>papierovou utierkou<\/strong>. Potom kr\u00fa\u017eiv\u00fdmi pohybmi <strong>vlhkej utierky<\/strong> zotrite zvy\u0161ky ne\u010dist\u00f4t a\u00a0nechajte l\u00e1tku vyschn\u00fa\u0165.<\/p>\n<\/div><div class=\"fusion-clearfix\"><\/div><\/div><\/div><\/div><\/div><div class=\"fusion-fullwidth fullwidth-box fusion-builder-row-2 fusion-parallax-none ctaall cta-all nonhundred-percent-fullwidth non-hundred-percent-height-scrolling\" style=\"--awb-background-blend-mode:overlay;--awb-border-radius-top-left:0px;--awb-border-radius-top-right:0px;--awb-border-radius-bottom-right:0px;--awb-border-radius-bottom-left:0px;--awb-padding-top:100px;--awb-padding-bottom:60px;--awb-background-color:rgba(2,2,2,0.67);--awb-background-image:url(&quot;https:\/\/compolatky.cz\/wp-content\/uploads\/2019\/02\/01_final.jpg&quot;);--awb-background-size:cover;--awb-flex-wrap:wrap;\" ><div class=\"fusion-builder-row fusion-row\"><div class=\"fusion-layout-column fusion_builder_column fusion-builder-column-5 fusion_builder_column_2_3 2_3 fusion-two-third fusion-column-first ctatext\" style=\"--awb-bg-size:cover;width:66.666666666667%;width:calc(66.666666666667% - ( ( 4% ) * 0.66666666666667 ) );margin-right: 4%;\"><div class=\"fusion-column-wrapper fusion-flex-column-wrapper-legacy\"><div class=\"fusion-text fusion-text-5 ctaonas\"><p>M\u00e1te z\u00e1ujem o\u00a0ve\u013ekoobchodn\u00fa spolupr\u00e1cu?<\/p>\n<p><span data-language-for-alternatives=\"sk\" data-language-to-translate-into=\"cs\" data-phrase-index=\"1\" data-number-of-phrases=\"3\">Ste v\u00fdrobcami \u010dal\u00fanen\u00e9ho n\u00e1bytku, vlastn\u00edte interi\u00e9rov\u00e9 \u0161t\u00fadio alebo obchod s\u00a0l\u00e1tkami?<\/span><\/p>\n<p><span data-language-for-alternatives=\"sk\" data-language-to-translate-into=\"cs\" data-phrase-index=\"2\" data-number-of-phrases=\"3\">Nev\u00e1hajte n\u00e1s oslovi\u0165!<\/span><\/p>\n<\/div><div class=\"fusion-clearfix\"><\/div><\/div><\/div><div class=\"fusion-layout-column fusion_builder_column fusion-builder-column-6 fusion_builder_column_1_3 1_3 fusion-one-third fusion-column-last cta-button-cont\" style=\"--awb-bg-size:cover;width:33.333333333333%;width:calc(33.333333333333% - ( ( 4% ) * 0.33333333333333 ) );\"><div class=\"fusion-column-wrapper fusion-flex-column-wrapper-legacy\"><div class=\"fusion-alignright\"><a class=\"fusion-button button-flat button-large button-custom fusion-button-default button-1 fusion-button-default-span fusion-button-default-type cta-button\" style=\"--button_accent_color:#ffffff;--button_accent_hover_color:#ffffff;--button_border_hover_color:#ffffff;--button_gradient_top_color:#e31e24;--button_gradient_bottom_color:#e31e24;--button_gradient_top_color_hover:#ba213d;--button_gradient_bottom_color_hover:#ba213d;--button_text_transform:uppercase;\" target=\"_self\" href=\"https:\/\/compolatky.cz\/sk\/kontakt\/#form\"><span class=\"fusion-button-text\">\n<p><span class=\"VIiyi\" lang=\"sk\"><span class=\"JLqJ4b ChMk0b\" data-language-for-alternatives=\"sk\" data-language-to-translate-into=\"cs\" data-phrase-index=\"0\" data-number-of-phrases=\"1\">M\u00e1m z\u00e1ujem o&nbsp;spolupr\u00e1cu<\/span><\/span><\/p>\n<\/span><\/a><\/div><div class=\"fusion-clearfix\"><\/div><\/div><\/div><\/div><\/div><\/p>\n","protected":false},"excerpt":{"rendered":"","protected":false},"author":1,"featured_media":0,"parent":0,"menu_order":0,"comment_status":"closed","ping_status":"closed","template":"100-width.php","meta":{"_acf_changed":false,"footnotes":""},"class_list":["post-5449","page","type-page","status-publish","hentry"],"acf":[],"yoast_head":"<!-- This site is optimized with the Yoast SEO plugin v23.4 - https:\/\/yoast.com\/wordpress\/plugins\/seo\/ -->\n<title>\u00dadr\u017eba po\u0165ahov\u00fdch l\u00e1tok a\u00a0ko\u017eeniek - Compo L\u00e1tky<\/title>\n<meta name=\"robots\" content=\"index, follow, max-snippet:-1, max-image-preview:large, max-video-preview:-1\" \/>\n<link rel=\"canonical\" href=\"https:\/\/compolatky.cz\/udrzba-potahovych-latek-a-kozenek\/\" \/>\n<meta property=\"og:locale\" content=\"sk_SK\" \/>\n<meta property=\"og:type\" content=\"article\" \/>\n<meta property=\"og:title\" content=\"\u00dadr\u017eba po\u0165ahov\u00fdch l\u00e1tok a\u00a0ko\u017eeniek - Compo L\u00e1tky\" \/>\n<meta property=\"og:url\" content=\"https:\/\/compolatky.cz\/udrzba-potahovych-latek-a-kozenek\/\" \/>\n<meta property=\"og:site_name\" content=\"Compo L\u00e1tky\" \/>\n<meta property=\"article:modified_time\" content=\"2022-03-15T13:32:50+00:00\" \/>\n<meta name=\"twitter:card\" content=\"summary_large_image\" \/>\n<meta name=\"twitter:label1\" content=\"Predpokladan\u00fd \u010das \u010d\u00edtania\" \/>\n\t<meta name=\"twitter:data1\" content=\"7 min\u00fat\" \/>\n<script type=\"application\/ld+json\" class=\"yoast-schema-graph\">{\"@context\":\"https:\/\/schema.org\",\"@graph\":[{\"@type\":\"WebPage\",\"@id\":\"https:\/\/compolatky.cz\/udrzba-potahovych-latek-a-kozenek\/\",\"url\":\"https:\/\/compolatky.cz\/udrzba-potahovych-latek-a-kozenek\/\",\"name\":\"\u00dadr\u017eba po\u0165ahov\u00fdch l\u00e1tok a\u00a0ko\u017eeniek - Compo L\u00e1tky\",\"isPartOf\":{\"@id\":\"https:\/\/compolatky.cz\/#website\"},\"datePublished\":\"2020-09-18T07:40:08+00:00\",\"dateModified\":\"2022-03-15T13:32:50+00:00\",\"inLanguage\":\"sk-SK\",\"potentialAction\":[{\"@type\":\"ReadAction\",\"target\":[\"https:\/\/compolatky.cz\/udrzba-potahovych-latek-a-kozenek\/\"]}]},{\"@type\":\"WebSite\",\"@id\":\"https:\/\/compolatky.cz\/#website\",\"url\":\"https:\/\/compolatky.cz\/\",\"name\":\"Compo L\u00e1tky\",\"description\":\"Velkoobchod s potahov\u00fdmi l\u00e1tkami\",\"potentialAction\":[{\"@type\":\"SearchAction\",\"target\":{\"@type\":\"EntryPoint\",\"urlTemplate\":\"https:\/\/compolatky.cz\/?s={search_term_string}\"},\"query-input\":{\"@type\":\"PropertyValueSpecification\",\"valueRequired\":true,\"valueName\":\"search_term_string\"}}],\"inLanguage\":\"sk-SK\"}]}<\/script>\n<!-- \/ Yoast SEO plugin. -->","yoast_head_json":{"title":"\u00dadr\u017eba po\u0165ahov\u00fdch l\u00e1tok a\u00a0ko\u017eeniek - Compo L\u00e1tky","robots":{"index":"index","follow":"follow","max-snippet":"max-snippet:-1","max-image-preview":"max-image-preview:large","max-video-preview":"max-video-preview:-1"},"canonical":"https:\/\/compolatky.cz\/udrzba-potahovych-latek-a-kozenek\/","og_locale":"sk_SK","og_type":"article","og_title":"\u00dadr\u017eba po\u0165ahov\u00fdch l\u00e1tok a\u00a0ko\u017eeniek - Compo L\u00e1tky","og_url":"https:\/\/compolatky.cz\/udrzba-potahovych-latek-a-kozenek\/","og_site_name":"Compo L\u00e1tky","article_modified_time":"2022-03-15T13:32:50+00:00","twitter_card":"summary_large_image","twitter_misc":{"Predpokladan\u00fd \u010das \u010d\u00edtania":"7 min\u00fat"},"schema":{"@context":"https:\/\/schema.org","@graph":[{"@type":"WebPage","@id":"https:\/\/compolatky.cz\/udrzba-potahovych-latek-a-kozenek\/","url":"https:\/\/compolatky.cz\/udrzba-potahovych-latek-a-kozenek\/","name":"\u00dadr\u017eba po\u0165ahov\u00fdch l\u00e1tok a\u00a0ko\u017eeniek - Compo L\u00e1tky","isPartOf":{"@id":"https:\/\/compolatky.cz\/#website"},"datePublished":"2020-09-18T07:40:08+00:00","dateModified":"2022-03-15T13:32:50+00:00","inLanguage":"sk-SK","potentialAction":[{"@type":"ReadAction","target":["https:\/\/compolatky.cz\/udrzba-potahovych-latek-a-kozenek\/"]}]},{"@type":"WebSite","@id":"https:\/\/compolatky.cz\/#website","url":"https:\/\/compolatky.cz\/","name":"Compo L\u00e1tky","description":"Velkoobchod s potahov\u00fdmi l\u00e1tkami","potentialAction":[{"@type":"SearchAction","target":{"@type":"EntryPoint","urlTemplate":"https:\/\/compolatky.cz\/?s={search_term_string}"},"query-input":{"@type":"PropertyValueSpecification","valueRequired":true,"valueName":"search_term_string"}}],"inLanguage":"sk-SK"}]}},"_links":{"self":[{"href":"https:\/\/compolatky.cz\/sk\/wp-json\/wp\/v2\/pages\/5449"}],"collection":[{"href":"https:\/\/compolatky.cz\/sk\/wp-json\/wp\/v2\/pages"}],"about":[{"href":"https:\/\/compolatky.cz\/sk\/wp-json\/wp\/v2\/types\/page"}],"author":[{"embeddable":true,"href":"https:\/\/compolatky.cz\/sk\/wp-json\/wp\/v2\/users\/1"}],"replies":[{"embeddable":true,"href":"https:\/\/compolatky.cz\/sk\/wp-json\/wp\/v2\/comments?post=5449"}],"version-history":[{"count":8,"href":"https:\/\/compolatky.cz\/sk\/wp-json\/wp\/v2\/pages\/5449\/revisions"}],"predecessor-version":[{"id":12314,"href":"https:\/\/compolatky.cz\/sk\/wp-json\/wp\/v2\/pages\/5449\/revisions\/12314"}],"wp:attachment":[{"href":"https:\/\/compolatky.cz\/sk\/wp-json\/wp\/v2\/media?parent=5449"}],"curies":[{"name":"wp","href":"https:\/\/api.w.org\/{rel}","templated":true}]}}