{"id":5444,"date":"2020-09-18T09:31:13","date_gmt":"2020-09-18T07:31:13","guid":{"rendered":"https:\/\/compolatky.cz\/?page_id=5444"},"modified":"2022-03-15T13:57:51","modified_gmt":"2022-03-15T12:57:51","slug":"o-nas","status":"publish","type":"page","link":"https:\/\/compolatky.cz\/sk\/o-nas\/","title":{"rendered":"O n\u00e1s"},"content":{"rendered":"<p><div class=\"fusion-fullwidth fullwidth-box fusion-builder-row-1 nonhundred-percent-fullwidth non-hundred-percent-height-scrolling fusion-equal-height-columns\" style=\"--awb-border-radius-top-left:0px;--awb-border-radius-top-right:0px;--awb-border-radius-bottom-right:0px;--awb-border-radius-bottom-left:0px;--awb-padding-top:5%;--awb-padding-bottom:40px;--awb-background-color:rgba(255,255,255,0);--awb-flex-wrap:wrap;\" ><div class=\"fusion-builder-row fusion-row\"><div class=\"fusion-layout-column fusion_builder_column fusion-builder-column-0 fusion_builder_column_3_5 3_5 fusion-three-fifth fusion-column-first\" style=\"--awb-padding-top:20px;--awb-bg-size:cover;--awb-margin-bottom:50px;width:60%;width:calc(60% - ( ( 4% ) * 0.6 ) );margin-right: 4%;\"><div class=\"fusion-column-wrapper fusion-flex-column-wrapper-legacy\"><div class=\"fusion-title title fusion-title-1 fusion-sep-none fusion-title-text fusion-title-size-two\" style=\"--awb-margin-bottom:0px;\"><h2 class=\"fusion-title-heading title-heading-left fusion-responsive-typography-calculated\" style=\"margin:0;--fontSize:38;line-height:1.5;\"><span style=\"color: #808080;\">O n\u00e1s<\/span><\/h2><\/div><div class=\"fusion-sep-clear\"><\/div><div class=\"fusion-separator fusion-clearfix\" style=\"float:left;margin-top:20px;margin-bottom:20px;width:100%;max-width:80px;\"><div class=\"fusion-separator-border sep-single sep-solid\" style=\"--awb-height:20px;--awb-amount:20px;--awb-sep-color:#e31e24;border-color:#e31e24;border-top-width:3px;\"><\/div><\/div><div class=\"fusion-sep-clear\"><\/div><div class=\"fusion-text fusion-text-1\"><p>Pon\u00fakame \u0161irok\u00fd sortiment <strong>po\u0165ahov\u00fdch<\/strong> a\u00a0<strong>dekora\u010dn\u00fdch<\/strong> l\u00e1tok od renomovan\u00fdch svetov\u00fdch v\u00fdrobcov. Na\u0161e po\u0165ahov\u00e9 l\u00e1tky a\u00a0ko\u017eenky s\u00fa ur\u010den\u00e9 <strong>pre v\u00fdrobu<\/strong> a\u00a0<strong>\u010dal\u00fanenie<\/strong> sedac\u00edch s\u00faprav, kresiel, stoli\u010diek a\u00a0in\u00fdch \u010dal\u00fanen\u00fdch produktov. \u010ealej v\u00a0na\u0161om sortimente n\u00e1jdete l\u00e1tky pre <strong>vonkaj\u0161ie pou\u017eitie<\/strong>, \u010di\u00a0pre <strong>vyu\u017eitie v\u00a0zdravotn\u00edctve<\/strong>. Okrem po\u0165ahov\u00fdch l\u00e1tok pon\u00fakame aj <strong>dekora\u010dn\u00e9 l\u00e1tky<\/strong>, ktor\u00e9 s\u00fa vhodn\u00e9 pre v\u00fdrobu <strong>z\u00e1clon a\u00a0z\u00e1vesov<\/strong>.<\/p>\n<\/div><div class=\"fusion-clearfix\"><\/div><\/div><\/div><div class=\"fusion-layout-column fusion_builder_column fusion-builder-column-1 fusion_builder_column_2_5 2_5 fusion-two-fifth fusion-column-last onasimg\" style=\"--awb-padding-top:20px;--awb-bg-color:#ffffff;--awb-bg-color-hover:#ffffff;--awb-bg-image:url(&#039;https:\/\/compolatky.cz\/wp-content\/uploads\/2019\/02\/sedacka1.jpg&#039;);--awb-bg-position:center center;--awb-bg-size:cover;--awb-margin-bottom:0px;width:40%;width:calc(40% - ( ( 4% ) * 0.4 ) );\"><div class=\"fusion-column-wrapper fusion-flex-column-wrapper-legacy fusion-empty-column-bg-image fusion-column-has-bg-image\" data-bg-url=\"https:\/\/compolatky.cz\/wp-content\/uploads\/2019\/02\/sedacka1.jpg\"><img decoding=\"async\" class=\"fusion-empty-dims-img-placeholder fusion-no-large-visibility\" src=\"data:image\/svg+xml,%3Csvg%20xmlns%3D%27http%3A%2F%2Fwww.w3.org%2F2000%2Fsvg%27%20width%3D%271920%27%20height%3D%271080%27%20viewBox%3D%270%200%201920%201080%27%3E%3Crect%20width%3D%271920%27%20height%3D%271080%27%20fill-opacity%3D%220%22%2F%3E%3C%2Fsvg%3E\"><div class=\"fusion-clearfix\"><\/div><\/div><\/div><\/div><\/div><div class=\"fusion-fullwidth fullwidth-box fusion-builder-row-2 fusion-parallax-none cta-all ctaall nonhundred-percent-fullwidth non-hundred-percent-height-scrolling\" style=\"--awb-background-blend-mode:overlay;--awb-border-radius-top-left:0px;--awb-border-radius-top-right:0px;--awb-border-radius-bottom-right:0px;--awb-border-radius-bottom-left:0px;--awb-padding-top:100px;--awb-padding-bottom:60px;--awb-background-color:rgba(2,2,2,0.67);--awb-background-image:url(&quot;https:\/\/compolatky.cz\/wp-content\/uploads\/2019\/02\/01_final.jpg&quot;);--awb-background-size:cover;--awb-flex-wrap:wrap;\" ><div class=\"fusion-builder-row fusion-row\"><div class=\"fusion-layout-column fusion_builder_column fusion-builder-column-2 fusion_builder_column_2_3 2_3 fusion-two-third fusion-column-first ctatext\" style=\"--awb-bg-size:cover;width:66.666666666667%;width:calc(66.666666666667% - ( ( 4% ) * 0.66666666666667 ) );margin-right: 4%;\"><div class=\"fusion-column-wrapper fusion-flex-column-wrapper-legacy\"><div class=\"fusion-text fusion-text-2 ctaonas\"><p><span class=\"VIiyi\" lang=\"sk\"><span class=\"JLqJ4b ChMk0b\" data-language-for-alternatives=\"sk\" data-language-to-translate-into=\"cs\" data-phrase-index=\"0\" data-number-of-phrases=\"3\">M\u00e1te z\u00e1ujem o&nbsp;ve\u013ekoobchodn\u00fa spolupr\u00e1cu?<\/span><\/span><\/p>\n<p><span class=\"VIiyi\" lang=\"sk\"><span class=\"JLqJ4b ChMk0b\" data-language-for-alternatives=\"sk\" data-language-to-translate-into=\"cs\" data-phrase-index=\"1\" data-number-of-phrases=\"3\">Ste v\u00fdrobcami \u010dal\u00fanen\u00e9ho n\u00e1bytku, vlastn\u00edte interi\u00e9rov\u00e9 \u0161t\u00fadio alebo obchod s&nbsp;l\u00e1tkami?<\/span><\/span><\/p>\n<p><span class=\"VIiyi\" lang=\"sk\"><span class=\"JLqJ4b ChMk0b\" data-language-for-alternatives=\"sk\" data-language-to-translate-into=\"cs\" data-phrase-index=\"2\" data-number-of-phrases=\"3\">Nev\u00e1hajte n\u00e1s oslovi\u0165!<\/span><\/span><\/p>\n<\/div><div class=\"fusion-clearfix\"><\/div><\/div><\/div><div class=\"fusion-layout-column fusion_builder_column fusion-builder-column-3 fusion_builder_column_1_3 1_3 fusion-one-third fusion-column-last cta-button-cont\" style=\"--awb-bg-size:cover;width:33.333333333333%;width:calc(33.333333333333% - ( ( 4% ) * 0.33333333333333 ) );\"><div class=\"fusion-column-wrapper fusion-flex-column-wrapper-legacy\"><div class=\"fusion-alignright\"><a class=\"fusion-button button-flat button-large button-custom fusion-button-default button-1 fusion-button-default-span fusion-button-default-type cta-button\" style=\"--button_accent_color:#ffffff;--button_accent_hover_color:#ffffff;--button_border_hover_color:#ffffff;--button_gradient_top_color:#e31e24;--button_gradient_bottom_color:#e31e24;--button_gradient_top_color_hover:#ba213d;--button_gradient_bottom_color_hover:#ba213d;--button_text_transform:uppercase;\" target=\"_self\" href=\"https:\/\/compolatky.cz\/sk\/kontakt\/#form\"><span class=\"fusion-button-text\">\n<p><span class=\"VIiyi\" lang=\"sk\"><span class=\"JLqJ4b ChMk0b\" data-language-for-alternatives=\"sk\" data-language-to-translate-into=\"cs\" data-phrase-index=\"0\" data-number-of-phrases=\"1\">M\u00e1m z\u00e1ujem o&nbsp;spolupr\u00e1cu<\/span><\/span><\/p>\n<\/span><\/a><\/div><div class=\"fusion-clearfix\"><\/div><\/div><\/div><\/div><\/div><\/p>\n","protected":false},"excerpt":{"rendered":"","protected":false},"author":1,"featured_media":0,"parent":0,"menu_order":0,"comment_status":"closed","ping_status":"closed","template":"100-width.php","meta":{"_acf_changed":false,"footnotes":""},"class_list":["post-5444","page","type-page","status-publish","hentry"],"acf":[],"yoast_head":"<!-- This site is optimized with the Yoast SEO plugin v23.4 - https:\/\/yoast.com\/wordpress\/plugins\/seo\/ -->\n<title>O n\u00e1s - Compo L\u00e1tky<\/title>\n<meta name=\"robots\" content=\"index, follow, max-snippet:-1, max-image-preview:large, max-video-preview:-1\" \/>\n<link rel=\"canonical\" href=\"https:\/\/compolatky.cz\/o-nas\/\" \/>\n<meta property=\"og:locale\" content=\"sk_SK\" \/>\n<meta property=\"og:type\" content=\"article\" \/>\n<meta property=\"og:title\" content=\"O n\u00e1s - Compo L\u00e1tky\" \/>\n<meta property=\"og:url\" content=\"https:\/\/compolatky.cz\/o-nas\/\" \/>\n<meta property=\"og:site_name\" content=\"Compo L\u00e1tky\" \/>\n<meta property=\"article:modified_time\" content=\"2022-03-15T12:57:51+00:00\" \/>\n<meta name=\"twitter:card\" content=\"summary_large_image\" \/>\n<meta name=\"twitter:label1\" content=\"Predpokladan\u00fd \u010das \u010d\u00edtania\" \/>\n\t<meta name=\"twitter:data1\" content=\"4 min\u00faty\" \/>\n<script type=\"application\/ld+json\" class=\"yoast-schema-graph\">{\"@context\":\"https:\/\/schema.org\",\"@graph\":[{\"@type\":\"WebPage\",\"@id\":\"https:\/\/compolatky.cz\/o-nas\/\",\"url\":\"https:\/\/compolatky.cz\/o-nas\/\",\"name\":\"O n\u00e1s - Compo L\u00e1tky\",\"isPartOf\":{\"@id\":\"https:\/\/compolatky.cz\/#website\"},\"datePublished\":\"2020-09-18T07:31:13+00:00\",\"dateModified\":\"2022-03-15T12:57:51+00:00\",\"inLanguage\":\"sk-SK\",\"potentialAction\":[{\"@type\":\"ReadAction\",\"target\":[\"https:\/\/compolatky.cz\/o-nas\/\"]}]},{\"@type\":\"WebSite\",\"@id\":\"https:\/\/compolatky.cz\/#website\",\"url\":\"https:\/\/compolatky.cz\/\",\"name\":\"Compo L\u00e1tky\",\"description\":\"Velkoobchod s potahov\u00fdmi l\u00e1tkami\",\"potentialAction\":[{\"@type\":\"SearchAction\",\"target\":{\"@type\":\"EntryPoint\",\"urlTemplate\":\"https:\/\/compolatky.cz\/?s={search_term_string}\"},\"query-input\":{\"@type\":\"PropertyValueSpecification\",\"valueRequired\":true,\"valueName\":\"search_term_string\"}}],\"inLanguage\":\"sk-SK\"}]}<\/script>\n<!-- \/ Yoast SEO plugin. -->","yoast_head_json":{"title":"O n\u00e1s - Compo L\u00e1tky","robots":{"index":"index","follow":"follow","max-snippet":"max-snippet:-1","max-image-preview":"max-image-preview:large","max-video-preview":"max-video-preview:-1"},"canonical":"https:\/\/compolatky.cz\/o-nas\/","og_locale":"sk_SK","og_type":"article","og_title":"O n\u00e1s - Compo L\u00e1tky","og_url":"https:\/\/compolatky.cz\/o-nas\/","og_site_name":"Compo L\u00e1tky","article_modified_time":"2022-03-15T12:57:51+00:00","twitter_card":"summary_large_image","twitter_misc":{"Predpokladan\u00fd \u010das \u010d\u00edtania":"4 min\u00faty"},"schema":{"@context":"https:\/\/schema.org","@graph":[{"@type":"WebPage","@id":"https:\/\/compolatky.cz\/o-nas\/","url":"https:\/\/compolatky.cz\/o-nas\/","name":"O n\u00e1s - Compo L\u00e1tky","isPartOf":{"@id":"https:\/\/compolatky.cz\/#website"},"datePublished":"2020-09-18T07:31:13+00:00","dateModified":"2022-03-15T12:57:51+00:00","inLanguage":"sk-SK","potentialAction":[{"@type":"ReadAction","target":["https:\/\/compolatky.cz\/o-nas\/"]}]},{"@type":"WebSite","@id":"https:\/\/compolatky.cz\/#website","url":"https:\/\/compolatky.cz\/","name":"Compo L\u00e1tky","description":"Velkoobchod s potahov\u00fdmi l\u00e1tkami","potentialAction":[{"@type":"SearchAction","target":{"@type":"EntryPoint","urlTemplate":"https:\/\/compolatky.cz\/?s={search_term_string}"},"query-input":{"@type":"PropertyValueSpecification","valueRequired":true,"valueName":"search_term_string"}}],"inLanguage":"sk-SK"}]}},"_links":{"self":[{"href":"https:\/\/compolatky.cz\/sk\/wp-json\/wp\/v2\/pages\/5444"}],"collection":[{"href":"https:\/\/compolatky.cz\/sk\/wp-json\/wp\/v2\/pages"}],"about":[{"href":"https:\/\/compolatky.cz\/sk\/wp-json\/wp\/v2\/types\/page"}],"author":[{"embeddable":true,"href":"https:\/\/compolatky.cz\/sk\/wp-json\/wp\/v2\/users\/1"}],"replies":[{"embeddable":true,"href":"https:\/\/compolatky.cz\/sk\/wp-json\/wp\/v2\/comments?post=5444"}],"version-history":[{"count":10,"href":"https:\/\/compolatky.cz\/sk\/wp-json\/wp\/v2\/pages\/5444\/revisions"}],"predecessor-version":[{"id":12308,"href":"https:\/\/compolatky.cz\/sk\/wp-json\/wp\/v2\/pages\/5444\/revisions\/12308"}],"wp:attachment":[{"href":"https:\/\/compolatky.cz\/sk\/wp-json\/wp\/v2\/media?parent=5444"}],"curies":[{"name":"wp","href":"https:\/\/api.w.org\/{rel}","templated":true}]}}